{"id":18688,"date":"2025-09-30T12:44:15","date_gmt":"2025-09-30T15:44:15","guid":{"rendered":"https:\/\/www.altus.com.br\/?page_id=18688"},"modified":"2025-10-30T09:31:39","modified_gmt":"2025-10-30T12:31:39","slug":"inversores-de-frequencia","status":"publish","type":"page","link":"https:\/\/www.altus.com.br\/en\/produtos\/inversores-de-frequencia\/","title":{"rendered":"Inversores de frequ\u00eancia"},"content":{"rendered":"\t\t<div data-elementor-type=\"wp-page\" data-elementor-id=\"18688\" class=\"elementor elementor-18688\" data-elementor-post-type=\"page\">\n\t\t\t\t<div class=\"elementor-element elementor-element-041fc61 e-flex e-con-boxed e-con e-parent\" data-id=\"041fc61\" data-element_type=\"container\" data-settings=\"{&quot;background_background&quot;:&quot;classic&quot;}\">\n\t\t\t\t\t<div class=\"e-con-inner\">\n\t\t<div class=\"elementor-element elementor-element-1cba7d6 e-con-full e-flex e-con e-child\" data-id=\"1cba7d6\" data-element_type=\"container\">\n\t\t<div class=\"elementor-element elementor-element-e6478aa e-con-full e-flex e-con e-child\" data-id=\"e6478aa\" data-element_type=\"container\">\n\t\t\t\t<div class=\"elementor-element elementor-element-1d8fce5 elementor-icon-list--layout-inline elementor-list-item-link-full_width elementor-widget elementor-widget-icon-list\" data-id=\"1d8fce5\" data-element_type=\"widget\" data-widget_type=\"icon-list.default\">\n\t\t\t\t<div class=\"elementor-widget-container\">\n\t\t\t\t\t\t\t<ul class=\"elementor-icon-list-items elementor-inline-items\">\n\t\t\t\t\t\t\t<li class=\"elementor-icon-list-item elementor-inline-item\">\n\t\t\t\t\t\t\t\t\t\t<span class=\"elementor-icon-list-text\">Produtos<\/span>\n\t\t\t\t\t\t\t\t\t<\/li>\n\t\t\t\t\t\t\t\t<li class=\"elementor-icon-list-item elementor-inline-item\">\n\t\t\t\t\t\t\t\t\t\t\t<span class=\"elementor-icon-list-icon\">\n\t\t\t\t\t\t\t<i aria-hidden=\"true\" class=\"fas fa-chevron-right\"><\/i>\t\t\t\t\t\t<\/span>\n\t\t\t\t\t\t\t\t\t\t<span class=\"elementor-icon-list-text\">Controle e I\/O<\/span>\n\t\t\t\t\t\t\t\t\t<\/li>\n\t\t\t\t\t\t\t\t<li class=\"elementor-icon-list-item elementor-inline-item\">\n\t\t\t\t\t\t\t\t\t\t\t<a href=\"\/produtos\/controle-e-i-o\/clp\/\">\n\n\t\t\t\t\t\t\t\t\t\t\t\t<span class=\"elementor-icon-list-icon\">\n\t\t\t\t\t\t\t<i aria-hidden=\"true\" class=\"fas fa-chevron-right\"><\/i>\t\t\t\t\t\t<\/span>\n\t\t\t\t\t\t\t\t\t\t<span class=\"elementor-icon-list-text\">Inversores de frequ\u00eancia<\/span>\n\t\t\t\t\t\t\t\t\t\t\t<\/a>\n\t\t\t\t\t\t\t\t\t<\/li>\n\t\t\t\t\t\t<\/ul>\n\t\t\t\t\t\t<\/div>\n\t\t\t\t<\/div>\n\t\t\t\t<div class=\"elementor-element elementor-element-ac5a94a elementor-widget elementor-widget-heading\" data-id=\"ac5a94a\" data-element_type=\"widget\" data-widget_type=\"heading.default\">\n\t\t\t\t<div class=\"elementor-widget-container\">\n\t\t\t\t\t<h1 class=\"elementor-heading-title elementor-size-default\">Inversores de frequ\u00eancia<\/h1>\t\t\t\t<\/div>\n\t\t\t\t<\/div>\n\t\t\t\t<div class=\"elementor-element elementor-element-bb685eb elementor-widget__width-initial elementor-widget elementor-widget-heading\" data-id=\"bb685eb\" data-element_type=\"widget\" data-widget_type=\"heading.default\">\n\t\t\t\t<div class=\"elementor-widget-container\">\n\t\t\t\t\t<h2 class=\"elementor-heading-title elementor-size-default\">Confiabilidade e resist\u00eancia em drivers ass\u00edncronos de variadas pot\u00eancias <\/h2>\t\t\t\t<\/div>\n\t\t\t\t<\/div>\n\t\t\t\t<\/div>\n\t\t\t\t<\/div>\n\t\t\t\t<div class=\"elementor-element elementor-element-acc014e e-transform e-transform elementor-widget elementor-widget-image\" data-id=\"acc014e\" data-element_type=\"widget\" data-settings=\"{&quot;_transform_rotateZ_effect_hover&quot;:{&quot;unit&quot;:&quot;px&quot;,&quot;size&quot;:&quot;&quot;,&quot;sizes&quot;:[]},&quot;_transform_rotateZ_effect_hover_tablet&quot;:{&quot;unit&quot;:&quot;deg&quot;,&quot;size&quot;:&quot;&quot;,&quot;sizes&quot;:[]},&quot;_transform_rotateZ_effect_hover_mobile&quot;:{&quot;unit&quot;:&quot;deg&quot;,&quot;size&quot;:&quot;&quot;,&quot;sizes&quot;:[]},&quot;_transform_translateX_effect_hover&quot;:{&quot;unit&quot;:&quot;px&quot;,&quot;size&quot;:&quot;&quot;,&quot;sizes&quot;:[]},&quot;_transform_translateX_effect_hover_tablet&quot;:{&quot;unit&quot;:&quot;px&quot;,&quot;size&quot;:&quot;&quot;,&quot;sizes&quot;:[]},&quot;_transform_translateX_effect_hover_mobile&quot;:{&quot;unit&quot;:&quot;px&quot;,&quot;size&quot;:&quot;&quot;,&quot;sizes&quot;:[]},&quot;_transform_translateY_effect_hover&quot;:{&quot;unit&quot;:&quot;px&quot;,&quot;size&quot;:&quot;&quot;,&quot;sizes&quot;:[]},&quot;_transform_translateY_effect_hover_tablet&quot;:{&quot;unit&quot;:&quot;px&quot;,&quot;size&quot;:&quot;&quot;,&quot;sizes&quot;:[]},&quot;_transform_translateY_effect_hover_mobile&quot;:{&quot;unit&quot;:&quot;px&quot;,&quot;size&quot;:&quot;&quot;,&quot;sizes&quot;:[]}}\" data-widget_type=\"image.default\">\n\t\t\t\t<div class=\"elementor-widget-container\">\n\t\t\t\t\t\t\t\t\t\t\t\t\t\t\t<img fetchpriority=\"high\" decoding=\"async\" width=\"1536\" height=\"846\" src=\"https:\/\/www.altus.com.br\/wp-content\/uploads\/2025\/09\/INVERSORES-1536x846.png\" class=\"attachment-1536x1536 size-1536x1536 wp-image-18706\" alt=\"\" srcset=\"https:\/\/www.altus.com.br\/wp-content\/uploads\/2025\/09\/INVERSORES-1536x846.png 1536w, https:\/\/www.altus.com.br\/wp-content\/uploads\/2025\/09\/INVERSORES-300x165.png 300w, https:\/\/www.altus.com.br\/wp-content\/uploads\/2025\/09\/INVERSORES-1024x564.png 1024w, https:\/\/www.altus.com.br\/wp-content\/uploads\/2025\/09\/INVERSORES-768x423.png 768w, https:\/\/www.altus.com.br\/wp-content\/uploads\/2025\/09\/INVERSORES-2048x1128.png 2048w, https:\/\/www.altus.com.br\/wp-content\/uploads\/2025\/09\/INVERSORES-18x10.png 18w\" sizes=\"(max-width: 1536px) 100vw, 1536px\" \/>\t\t\t\t\t\t\t\t\t\t\t\t\t\t\t<\/div>\n\t\t\t\t<\/div>\n\t\t\t\t\t<\/div>\n\t\t\t\t<\/div>\n\t\t<div class=\"elementor-element elementor-element-4ff8601 e-flex e-con-boxed e-con e-parent\" data-id=\"4ff8601\" data-element_type=\"container\">\n\t\t\t\t\t<div class=\"e-con-inner\">\n\t\t\t\t<div class=\"elementor-element elementor-element-17bd29e elementor-grid-tablet-3 elementor-grid-3 elementor-grid-mobile-1 elementor-widget elementor-widget-loop-grid\" data-id=\"17bd29e\" data-element_type=\"widget\" data-settings=\"{&quot;template_id&quot;:&quot;1966&quot;,&quot;columns_tablet&quot;:3,&quot;columns&quot;:3,&quot;_skin&quot;:&quot;post&quot;,&quot;columns_mobile&quot;:&quot;1&quot;,&quot;edit_handle_selector&quot;:&quot;[data-elementor-type=\\&quot;loop-item\\&quot;]&quot;,&quot;row_gap&quot;:{&quot;unit&quot;:&quot;px&quot;,&quot;size&quot;:&quot;&quot;,&quot;sizes&quot;:[]},&quot;row_gap_tablet&quot;:{&quot;unit&quot;:&quot;px&quot;,&quot;size&quot;:&quot;&quot;,&quot;sizes&quot;:[]},&quot;row_gap_mobile&quot;:{&quot;unit&quot;:&quot;px&quot;,&quot;size&quot;:&quot;&quot;,&quot;sizes&quot;:[]}}\" data-widget_type=\"loop-grid.post\">\n\t\t\t\t<div class=\"elementor-widget-container\">\n\t\t\t\t\t\t\t<div class=\"elementor-loop-container elementor-grid\" role=\"list\">\n\t\t<style id=\"loop-1966\">.elementor-1966 .elementor-element.elementor-element-5cfa1e1{--display:flex;--flex-direction:column;--container-widget-width:100%;--container-widget-height:initial;--container-widget-flex-grow:0;--container-widget-align-self:initial;--flex-wrap-mobile:wrap;--justify-content:flex-end;--background-transition:0.3s;--overlay-opacity:1;--border-radius:20px 20px 20px 20px;--margin-top:5px;--margin-bottom:5px;--margin-left:5px;--margin-right:5px;--padding-top:20px;--padding-bottom:20px;--padding-left:20px;--padding-right:20px;}.elementor-1966 .elementor-element.elementor-element-5cfa1e1:not(.elementor-motion-effects-element-type-background), .elementor-1966 .elementor-element.elementor-element-5cfa1e1 > .elementor-motion-effects-container > .elementor-motion-effects-layer{background-color:#ECF2F5;}.elementor-1966 .elementor-element.elementor-element-5cfa1e1:hover{background-color:transparent;background-image:linear-gradient(180deg, #113085 0%, #081554 100%);--overlay-opacity:1;}.elementor-1966 .elementor-element.elementor-element-5cfa1e1::before, .elementor-1966 .elementor-element.elementor-element-5cfa1e1 > .elementor-background-video-container::before, .elementor-1966 .elementor-element.elementor-element-5cfa1e1 > .e-con-inner > .elementor-background-video-container::before, .elementor-1966 .elementor-element.elementor-element-5cfa1e1 > .elementor-background-slideshow::before, .elementor-1966 .elementor-element.elementor-element-5cfa1e1 > .e-con-inner > .elementor-background-slideshow::before, .elementor-1966 .elementor-element.elementor-element-5cfa1e1 > .elementor-motion-effects-container > .elementor-motion-effects-layer::before{--background-overlay:'';}.elementor-1966 .elementor-element.elementor-element-5cfa1e1:hover::before, .elementor-1966 .elementor-element.elementor-element-5cfa1e1:hover > .elementor-background-video-container::before, .elementor-1966 .elementor-element.elementor-element-5cfa1e1:hover > .e-con-inner > .elementor-background-video-container::before, .elementor-1966 .elementor-element.elementor-element-5cfa1e1 > .elementor-background-slideshow:hover::before, .elementor-1966 .elementor-element.elementor-element-5cfa1e1 > .e-con-inner > .elementor-background-slideshow:hover::before{--background-overlay:'';}.elementor-widget-image .widget-image-caption{color:var( --e-global-color-text );font-family:var( --e-global-typography-text-font-family ), Sans-serif;font-weight:var( --e-global-typography-text-font-weight );}.elementor-widget-heading .elementor-heading-title{font-family:var( --e-global-typography-primary-font-family ), Sans-serif;font-weight:var( --e-global-typography-primary-font-weight );color:var( --e-global-color-primary );}.elementor-1966 .elementor-element.elementor-element-9c0c647 .elementor-heading-title{font-family:\"PP Mori\", Sans-serif;font-size:20px;font-weight:400;color:#050917;}\/* Start custom CSS for container, class: .elementor-element-5cfa1e1 *\/.elementor-1966 .elementor-element.elementor-element-5cfa1e1:hover .elementor-heading-title {\n    color: #3f8edd;\n}\/* End custom CSS *\/<\/style>\t\t<div data-elementor-type=\"loop-item\" data-elementor-id=\"1966\" class=\"elementor elementor-1966 e-loop-item e-loop-item-3566 post-3566 serie type-serie status-publish format-standard has-post-thumbnail hentry categoria-inversores-de-frequencia\" data-elementor-post-type=\"elementor_library\" data-custom-edit-handle=\"1\">\n\t\t\t<a class=\"elementor-element elementor-element-5cfa1e1 e-con-full e-flex e-con e-child\" data-id=\"5cfa1e1\" data-element_type=\"container\" data-settings=\"{&quot;background_background&quot;:&quot;classic&quot;}\" href=\"https:\/\/www.altus.com.br\/en\/serie\/optidrive\/\">\n\t\t\t\t<div class=\"elementor-element elementor-element-ecd796f elementor-widget elementor-widget-image\" data-id=\"ecd796f\" data-element_type=\"widget\" data-widget_type=\"image.default\">\n\t\t\t\t<div class=\"elementor-widget-container\">\n\t\t\t\t\t\t\t\t\t\t\t\t\t\t\t<img decoding=\"async\" width=\"500\" height=\"426\" src=\"https:\/\/www.altus.com.br\/wp-content\/uploads\/2024\/01\/INVERSOR-CAPA-1.png\" class=\"attachment-large size-large wp-image-14118\" alt=\"\" srcset=\"https:\/\/www.altus.com.br\/wp-content\/uploads\/2024\/01\/INVERSOR-CAPA-1.png 500w, https:\/\/www.altus.com.br\/wp-content\/uploads\/2024\/01\/INVERSOR-CAPA-1-300x256.png 300w, https:\/\/www.altus.com.br\/wp-content\/uploads\/2024\/01\/INVERSOR-CAPA-1-14x12.png 14w\" sizes=\"(max-width: 500px) 100vw, 500px\" \/>\t\t\t\t\t\t\t\t\t\t\t\t\t\t\t<\/div>\n\t\t\t\t<\/div>\n\t\t\t\t<div class=\"elementor-element elementor-element-9c0c647 elementor-widget elementor-widget-heading\" data-id=\"9c0c647\" data-element_type=\"widget\" data-widget_type=\"heading.default\">\n\t\t\t\t<div class=\"elementor-widget-container\">\n\t\t\t\t\t<h2 class=\"elementor-heading-title elementor-size-default\">S\u00e9rie Optidrive<\/h2>\t\t\t\t<\/div>\n\t\t\t\t<\/div>\n\t\t\t\t<\/a>\n\t\t\t\t<\/div>\n\t\t\t\t<div data-elementor-type=\"loop-item\" data-elementor-id=\"1966\" class=\"elementor elementor-1966 e-loop-item e-loop-item-18713 post-18713 serie type-serie status-publish format-standard has-post-thumbnail hentry categoria-inversores-de-frequencia\" data-elementor-post-type=\"elementor_library\" data-custom-edit-handle=\"1\">\n\t\t\t<a class=\"elementor-element elementor-element-5cfa1e1 e-con-full e-flex e-con e-child\" data-id=\"5cfa1e1\" data-element_type=\"container\" data-settings=\"{&quot;background_background&quot;:&quot;classic&quot;}\" href=\"https:\/\/www.altus.com.br\/en\/serie\/serie-ad\/\">\n\t\t\t\t<div class=\"elementor-element elementor-element-ecd796f elementor-widget elementor-widget-image\" data-id=\"ecd796f\" data-element_type=\"widget\" data-widget_type=\"image.default\">\n\t\t\t\t<div class=\"elementor-widget-container\">\n\t\t\t\t\t\t\t\t\t\t\t\t\t\t\t<img decoding=\"async\" width=\"800\" height=\"800\" src=\"https:\/\/www.altus.com.br\/wp-content\/uploads\/2025\/09\/AD_15kw_1-1024x1024.png\" class=\"attachment-large size-large wp-image-18873\" alt=\"\" srcset=\"https:\/\/www.altus.com.br\/wp-content\/uploads\/2025\/09\/AD_15kw_1-1024x1024.png 1024w, https:\/\/www.altus.com.br\/wp-content\/uploads\/2025\/09\/AD_15kw_1-300x300.png 300w, https:\/\/www.altus.com.br\/wp-content\/uploads\/2025\/09\/AD_15kw_1-150x150.png 150w, https:\/\/www.altus.com.br\/wp-content\/uploads\/2025\/09\/AD_15kw_1-768x768.png 768w, https:\/\/www.altus.com.br\/wp-content\/uploads\/2025\/09\/AD_15kw_1-1536x1536.png 1536w, https:\/\/www.altus.com.br\/wp-content\/uploads\/2025\/09\/AD_15kw_1-2048x2048.png 2048w, https:\/\/www.altus.com.br\/wp-content\/uploads\/2025\/09\/AD_15kw_1-12x12.png 12w\" sizes=\"(max-width: 800px) 100vw, 800px\" \/>\t\t\t\t\t\t\t\t\t\t\t\t\t\t\t<\/div>\n\t\t\t\t<\/div>\n\t\t\t\t<div class=\"elementor-element elementor-element-9c0c647 elementor-widget elementor-widget-heading\" data-id=\"9c0c647\" data-element_type=\"widget\" data-widget_type=\"heading.default\">\n\t\t\t\t<div class=\"elementor-widget-container\">\n\t\t\t\t\t<h2 class=\"elementor-heading-title elementor-size-default\">S\u00e9rie AD<\/h2>\t\t\t\t<\/div>\n\t\t\t\t<\/div>\n\t\t\t\t<\/a>\n\t\t\t\t<\/div>\n\t\t\t\t<\/div>\n\t\t\n\t\t\t\t\t\t<\/div>\n\t\t\t\t<\/div>\n\t\t\t\t\t<\/div>\n\t\t\t\t<\/div>\n\t\t\t\t<\/div>\n\t\t","protected":false},"excerpt":{"rendered":"<p>Produtos Controle e I\/O Confiabilidade e resist\u00eancia em drivers ass\u00edncronos de variadas pot\u00eancias<\/p>","protected":false},"author":13,"featured_media":0,"parent":15,"menu_order":0,"comment_status":"closed","ping_status":"closed","template":"","meta":{"footnotes":""},"class_list":["post-18688","page","type-page","status-publish","hentry"],"acf":[],"_links":{"self":[{"href":"https:\/\/www.altus.com.br\/en\/wp-json\/wp\/v2\/pages\/18688","targetHints":{"allow":["GET"]}}],"collection":[{"href":"https:\/\/www.altus.com.br\/en\/wp-json\/wp\/v2\/pages"}],"about":[{"href":"https:\/\/www.altus.com.br\/en\/wp-json\/wp\/v2\/types\/page"}],"author":[{"embeddable":true,"href":"https:\/\/www.altus.com.br\/en\/wp-json\/wp\/v2\/users\/13"}],"replies":[{"embeddable":true,"href":"https:\/\/www.altus.com.br\/en\/wp-json\/wp\/v2\/comments?post=18688"}],"version-history":[{"count":28,"href":"https:\/\/www.altus.com.br\/en\/wp-json\/wp\/v2\/pages\/18688\/revisions"}],"predecessor-version":[{"id":18973,"href":"https:\/\/www.altus.com.br\/en\/wp-json\/wp\/v2\/pages\/18688\/revisions\/18973"}],"up":[{"embeddable":true,"href":"https:\/\/www.altus.com.br\/en\/wp-json\/wp\/v2\/pages\/15"}],"wp:attachment":[{"href":"https:\/\/www.altus.com.br\/en\/wp-json\/wp\/v2\/media?parent=18688"}],"curies":[{"name":"wp","href":"https:\/\/api.w.org\/{rel}","templated":true}]}}