{"id":2143,"date":"2023-10-11T17:19:43","date_gmt":"2023-10-11T20:19:43","guid":{"rendered":"https:\/\/www.altus.com.br\/?page_id=2143"},"modified":"2025-09-18T08:36:16","modified_gmt":"2025-09-18T11:36:16","slug":"politica-de-privacidade","status":"publish","type":"page","link":"https:\/\/www.altus.com.br\/en\/politica-de-privacidade\/","title":{"rendered":"Privacy Policy"},"content":{"rendered":"<div data-elementor-type=\"wp-page\" data-elementor-id=\"2143\" class=\"elementor elementor-2143\" data-elementor-post-type=\"page\">\n\t\t\t\t<div class=\"elementor-element elementor-element-1c10766 e-flex e-con-boxed e-con e-parent\" data-id=\"1c10766\" data-element_type=\"container\" data-settings=\"{&quot;background_background&quot;:&quot;classic&quot;}\">\n\t\t\t\t\t<div class=\"e-con-inner\">\n\t\t\t\t<div class=\"elementor-element elementor-element-1b46cac elementor-icon-list--layout-inline elementor-align-start elementor-widget__width-initial elementor-list-item-link-full_width elementor-widget elementor-widget-icon-list\" data-id=\"1b46cac\" data-element_type=\"widget\" data-widget_type=\"icon-list.default\">\n\t\t\t\t<div class=\"elementor-widget-container\">\n\t\t\t\t\t\t\t<ul class=\"elementor-icon-list-items elementor-inline-items\">\n\t\t\t\t\t\t\t<li class=\"elementor-icon-list-item elementor-inline-item\">\n\t\t\t\t\t\t\t\t\t\t<span class=\"elementor-icon-list-text\">Support<\/span>\n\t\t\t\t\t\t\t\t\t<\/li>\n\t\t\t\t\t\t\t\t<li class=\"elementor-icon-list-item elementor-inline-item\">\n\t\t\t\t\t\t\t\t\t\t\t<span class=\"elementor-icon-list-icon\">\n\t\t\t\t\t\t\t<i aria-hidden=\"true\" class=\"fas fa-chevron-right\"><\/i>\t\t\t\t\t\t<\/span>\n\t\t\t\t\t\t\t\t\t\t<span class=\"elementor-icon-list-text\">Privacy Policy<\/span>\n\t\t\t\t\t\t\t\t\t<\/li>\n\t\t\t\t\t\t<\/ul>\n\t\t\t\t\t\t<\/div>\n\t\t\t\t<\/div>\n\t\t\t\t<div class=\"elementor-element elementor-element-5815a63 elementor-widget elementor-widget-heading\" data-id=\"5815a63\" data-element_type=\"widget\" data-widget_type=\"heading.default\">\n\t\t\t\t<div class=\"elementor-widget-container\">\n\t\t\t\t\t<h2 class=\"elementor-heading-title elementor-size-default\"><br>Privacy Policy<\/h2>\t\t\t\t<\/div>\n\t\t\t\t<\/div>\n\t\t\t\t\t<\/div>\n\t\t\t\t<\/div>\n\t\t<div class=\"elementor-element elementor-element-9fac81f e-flex e-con-boxed e-con e-parent\" data-id=\"9fac81f\" data-element_type=\"container\">\n\t\t\t\t\t<div class=\"e-con-inner\">\n\t\t\t\t<div class=\"elementor-element elementor-element-edb7dbd elementor-widget elementor-widget-text-editor\" data-id=\"edb7dbd\" data-element_type=\"widget\" data-widget_type=\"text-editor.default\">\n\t\t\t\t<div class=\"elementor-widget-container\">\n\t\t\t\t\t\t\t\t\t<p>A Altus est\u00e1 comprometida com a prote\u00e7\u00e3o da sua privacidade e a seguran\u00e7a dos seus dados pessoais, utilizados exclusivamente para proporcionar uma melhor experi\u00eancia quando voc\u00ea utiliza nossos produtos e servi\u00e7os.<\/p><p>Garantimos total confidencialidade e privacidade das suas informa\u00e7\u00f5es, empregando-as apenas para comunica\u00e7\u00f5es diretas entre voc\u00ea e a Altus.<\/p><p>Para mais detalhes, acesse nossa Pol\u00edtica de Privacidade e o Termo de Uso do site clicando nos bot\u00f5es ao final da p\u00e1gina.<\/p>\t\t\t\t\t\t\t\t<\/div>\n\t\t\t\t<\/div>\n\t\t\t\t\t<\/div>\n\t\t\t\t<\/div>\n\t\t<div class=\"elementor-element elementor-element-2aff7a0 e-flex e-con-boxed e-con e-parent\" data-id=\"2aff7a0\" data-element_type=\"container\">\n\t\t\t\t\t<div class=\"e-con-inner\">\n\t\t<div class=\"elementor-element elementor-element-1f08e1e e-con-full e-flex e-con e-child\" data-id=\"1f08e1e\" data-element_type=\"container\">\n\t\t\t\t<div class=\"elementor-element elementor-element-d22a4be elementor-view-default elementor-position-block-start elementor-mobile-position-block-start elementor-widget elementor-widget-icon-box\" data-id=\"d22a4be\" data-element_type=\"widget\" data-widget_type=\"icon-box.default\">\n\t\t\t\t<div class=\"elementor-widget-container\">\n\t\t\t\t\t\t\t<div class=\"elementor-icon-box-wrapper\">\n\n\t\t\t\t\t\t<div class=\"elementor-icon-box-icon\">\n\t\t\t\t<span  class=\"elementor-icon\">\n\t\t\t\t<svg xmlns=\"http:\/\/www.w3.org\/2000\/svg\" width=\"54\" height=\"52\" viewbox=\"0 0 54 52\" fill=\"none\"><path d=\"M44.5815 15.1667H9.24821C6.80895 15.1667 4.83154 17.1068 4.83154 19.5V41.1667C4.83154 43.5599 6.80895 45.5 9.24821 45.5H44.5815C47.0208 45.5 48.9982 43.5599 48.9982 41.1667V19.5C48.9982 17.1068 47.0208 15.1667 44.5815 15.1667Z\" stroke=\"#3F8EDD\" stroke-width=\"2\" stroke-linecap=\"round\" stroke-linejoin=\"round\"><\/path><path d=\"M35.7482 45.5V10.8333C35.7482 9.68406 35.2829 8.58186 34.4546 7.7692C33.6263 6.95655 32.5029 6.5 31.3315 6.5H22.4982C21.3268 6.5 20.2034 6.95655 19.3752 7.7692C18.5469 8.58186 18.0815 9.68406 18.0815 10.8333V45.5\" stroke=\"#3F8EDD\" stroke-width=\"2\" stroke-linecap=\"round\" stroke-linejoin=\"round\"><\/path><\/svg>\t\t\t\t<\/span>\n\t\t\t<\/div>\n\t\t\t\n\t\t\t\t\t\t<div class=\"elementor-icon-box-content\">\n\n\t\t\t\t\t\t\t\t\t<h3 class=\"elementor-icon-box-title\">\n\t\t\t\t\t\t<span  >\n\t\t\t\t\t\t\tExclusividade\t\t\t\t\t\t<\/span>\n\t\t\t\t\t<\/h3>\n\t\t\t\t\n\t\t\t\t\t\t\t\t\t<p class=\"elementor-icon-box-description\">\n\t\t\t\t\t\tA Altus n\u00e3o vende ou negocia informa\u00e7\u00f5es de seus clientes com nenhuma fonte.\t\t\t\t\t<\/p>\n\t\t\t\t\n\t\t\t<\/div>\n\t\t\t\n\t\t<\/div>\n\t\t\t\t\t\t<\/div>\n\t\t\t\t<\/div>\n\t\t\t\t<\/div>\n\t\t<div class=\"elementor-element elementor-element-5afa02d e-con-full e-flex e-con e-child\" data-id=\"5afa02d\" data-element_type=\"container\">\n\t\t\t\t<div class=\"elementor-element elementor-element-3e83c26 elementor-view-default elementor-position-block-start elementor-mobile-position-block-start elementor-widget elementor-widget-icon-box\" data-id=\"3e83c26\" data-element_type=\"widget\" data-widget_type=\"icon-box.default\">\n\t\t\t\t<div class=\"elementor-widget-container\">\n\t\t\t\t\t\t\t<div class=\"elementor-icon-box-wrapper\">\n\n\t\t\t\t\t\t<div class=\"elementor-icon-box-icon\">\n\t\t\t\t<span  class=\"elementor-icon\">\n\t\t\t\t<svg xmlns=\"http:\/\/www.w3.org\/2000\/svg\" width=\"40\" height=\"40\" viewbox=\"0 0 40 40\" fill=\"none\"><path d=\"M19.9998 36.6667C19.9998 36.6667 33.3332 30 33.3332 20V8.33334L19.9998 3.33334L6.6665 8.33334V20C6.6665 30 19.9998 36.6667 19.9998 36.6667Z\" stroke=\"#3F8EDD\" stroke-width=\"2\" stroke-linecap=\"round\" stroke-linejoin=\"round\"><\/path><\/svg>\t\t\t\t<\/span>\n\t\t\t<\/div>\n\t\t\t\n\t\t\t\t\t\t<div class=\"elementor-icon-box-content\">\n\n\t\t\t\t\t\t\t\t\t<h3 class=\"elementor-icon-box-title\">\n\t\t\t\t\t\t<span  >\n\t\t\t\t\t\t\tSafety\t\t\t\t\t\t<\/span>\n\t\t\t\t\t<\/h3>\n\t\t\t\t\n\t\t\t\t\t\t\t\t\t<p class=\"elementor-icon-box-description\">\n\t\t\t\t\t\tSeus dados s\u00e3o armazenados em um ambiente totalmente seguro e controlado.\t\t\t\t\t<\/p>\n\t\t\t\t\n\t\t\t<\/div>\n\t\t\t\n\t\t<\/div>\n\t\t\t\t\t\t<\/div>\n\t\t\t\t<\/div>\n\t\t\t\t<\/div>\n\t\t<div class=\"elementor-element elementor-element-6c46525 e-con-full e-flex e-con e-child\" data-id=\"6c46525\" data-element_type=\"container\">\n\t\t\t\t<div class=\"elementor-element elementor-element-9762842 elementor-view-default elementor-position-block-start elementor-mobile-position-block-start elementor-widget elementor-widget-icon-box\" data-id=\"9762842\" data-element_type=\"widget\" data-widget_type=\"icon-box.default\">\n\t\t\t\t<div class=\"elementor-widget-container\">\n\t\t\t\t\t\t\t<div class=\"elementor-icon-box-wrapper\">\n\n\t\t\t\t\t\t<div class=\"elementor-icon-box-icon\">\n\t\t\t\t<span  class=\"elementor-icon\">\n\t\t\t\t<svg xmlns=\"http:\/\/www.w3.org\/2000\/svg\" width=\"54\" height=\"53\" viewbox=\"0 0 54 53\" fill=\"none\"><path d=\"M27.2365 48.5833C39.4328 48.5833 49.3199 38.6963 49.3199 26.5C49.3199 14.3037 39.4328 4.41666 27.2365 4.41666C15.0402 4.41666 5.1532 14.3037 5.1532 26.5C5.1532 38.6963 15.0402 48.5833 27.2365 48.5833Z\" stroke=\"#3F8EDD\" stroke-width=\"2\" stroke-linecap=\"round\" stroke-linejoin=\"round\"><\/path><path d=\"M20.8103 19.875C21.3295 18.3991 22.3543 17.1546 23.7031 16.3618C25.052 15.5691 26.6379 15.2793 28.1799 15.5438C29.7219 15.8083 31.1206 16.61 32.1282 17.807C33.1358 19.0039 33.6872 20.5188 33.6849 22.0833C33.6849 26.5 27.0599 28.7083 27.0599 28.7083\" stroke=\"#3F8EDD\" stroke-width=\"2\" stroke-linecap=\"round\" stroke-linejoin=\"round\"><\/path><path d=\"M27.2366 37.5417H27.2587\" stroke=\"#3F8EDD\" stroke-width=\"2\" stroke-linecap=\"round\" stroke-linejoin=\"round\"><\/path><\/svg>\t\t\t\t<\/span>\n\t\t\t<\/div>\n\t\t\t\n\t\t\t\t\t\t<div class=\"elementor-icon-box-content\">\n\n\t\t\t\t\t\t\t\t\t<h3 class=\"elementor-icon-box-title\">\n\t\t\t\t\t\t<span  >\n\t\t\t\t\t\t\tSeu interesse\t\t\t\t\t\t<\/span>\n\t\t\t\t\t<\/h3>\n\t\t\t\t\n\t\t\t\t\t\t\t\t\t<p class=\"elementor-icon-box-description\">\n\t\t\t\t\t\tUsamos seus dados apenas para criar e enviar comunica\u00e7\u00f5es que s\u00e3o de seu interesse.\t\t\t\t\t<\/p>\n\t\t\t\t\n\t\t\t<\/div>\n\t\t\t\n\t\t<\/div>\n\t\t\t\t\t\t<\/div>\n\t\t\t\t<\/div>\n\t\t\t\t<\/div>\n\t\t<div class=\"elementor-element elementor-element-ddeea3d e-con-full e-flex e-con e-child\" data-id=\"ddeea3d\" data-element_type=\"container\">\n\t\t\t\t<div class=\"elementor-element elementor-element-2ee776b elementor-view-default elementor-position-block-start elementor-mobile-position-block-start elementor-widget elementor-widget-icon-box\" data-id=\"2ee776b\" data-element_type=\"widget\" data-widget_type=\"icon-box.default\">\n\t\t\t\t<div class=\"elementor-widget-container\">\n\t\t\t\t\t\t\t<div class=\"elementor-icon-box-wrapper\">\n\n\t\t\t\t\t\t<div class=\"elementor-icon-box-icon\">\n\t\t\t\t<span  class=\"elementor-icon\">\n\t\t\t\t<svg xmlns=\"http:\/\/www.w3.org\/2000\/svg\" width=\"40\" height=\"40\" viewbox=\"0 0 40 40\" fill=\"none\"><path d=\"M19.9998 23.3333C21.8408 23.3333 23.3332 21.841 23.3332 20C23.3332 18.1591 21.8408 16.6667 19.9998 16.6667C18.1589 16.6667 16.6665 18.1591 16.6665 20C16.6665 21.841 18.1589 23.3333 19.9998 23.3333Z\" stroke=\"#3F8EDD\" stroke-width=\"2\" stroke-linecap=\"round\" stroke-linejoin=\"round\"><\/path><path d=\"M27.0667 12.9333C27.9965 13.8621 28.734 14.9649 29.2373 16.1789C29.7405 17.3929 29.9996 18.6942 29.9996 20.0083C29.9996 21.3225 29.7405 22.6237 29.2373 23.8377C28.734 25.0517 27.9965 26.1546 27.0667 27.0833M12.9334 27.0667C12.0036 26.1379 11.266 25.035 10.7628 23.8211C10.2595 22.6071 10.0005 21.3058 10.0005 19.9917C10.0005 18.6775 10.2595 17.3762 10.7628 16.1623C11.266 14.9483 12.0036 13.8454 12.9334 12.9167M31.7834 8.21666C34.9079 11.3421 36.6631 15.5806 36.6631 20C36.6631 24.4194 34.9079 28.6579 31.7834 31.7833M8.21669 31.7833C5.09217 28.6579 3.33691 24.4194 3.33691 20C3.33691 15.5806 5.09217 11.3421 8.21669 8.21666\" stroke=\"#3F8EDD\" stroke-width=\"2\" stroke-linecap=\"round\" stroke-linejoin=\"round\"><\/path><\/svg>\t\t\t\t<\/span>\n\t\t\t<\/div>\n\t\t\t\n\t\t\t\t\t\t<div class=\"elementor-icon-box-content\">\n\n\t\t\t\t\t\t\t\t\t<h3 class=\"elementor-icon-box-title\">\n\t\t\t\t\t\t<span  >\n\t\t\t\t\t\t\tSua escolha\t\t\t\t\t\t<\/span>\n\t\t\t\t\t<\/h3>\n\t\t\t\t\n\t\t\t\t\t\t\t\t\t<p class=\"elementor-icon-box-description\">\n\t\t\t\t\t\tA qualquer momento voc\u00ea pode optar por sair da nossa lista de envio de comunicados.\t\t\t\t\t<\/p>\n\t\t\t\t\n\t\t\t<\/div>\n\t\t\t\n\t\t<\/div>\n\t\t\t\t\t\t<\/div>\n\t\t\t\t<\/div>\n\t\t\t\t<\/div>\n\t\t\t\t\t<\/div>\n\t\t\t\t<\/div>\n\t\t<div class=\"elementor-element elementor-element-c6bd927 e-flex e-con-boxed e-con e-parent\" data-id=\"c6bd927\" data-element_type=\"container\">\n\t\t\t\t\t<div class=\"e-con-inner\">\n\t\t<div class=\"elementor-element elementor-element-f069864 e-con-full e-flex e-con e-child\" data-id=\"f069864\" data-element_type=\"container\">\n\t\t<div class=\"elementor-element elementor-element-c234c98 e-con-full e-flex e-con e-child\" data-id=\"c234c98\" data-element_type=\"container\">\n\t\t\t\t<div class=\"elementor-element elementor-element-eb1a95b e-transform elementor-view-default elementor-widget elementor-widget-icon\" data-id=\"eb1a95b\" data-element_type=\"widget\" data-settings=\"{&quot;_transform_scale_effect_hover&quot;:{&quot;unit&quot;:&quot;px&quot;,&quot;size&quot;:1.1,&quot;sizes&quot;:[]},&quot;_transform_scale_effect_hover_tablet&quot;:{&quot;unit&quot;:&quot;px&quot;,&quot;size&quot;:&quot;&quot;,&quot;sizes&quot;:[]},&quot;_transform_scale_effect_hover_mobile&quot;:{&quot;unit&quot;:&quot;px&quot;,&quot;size&quot;:&quot;&quot;,&quot;sizes&quot;:[]}}\" data-widget_type=\"icon.default\">\n\t\t\t\t<div class=\"elementor-widget-container\">\n\t\t\t\t\t\t\t<div class=\"elementor-icon-wrapper\">\n\t\t\t<a class=\"elementor-icon\" href=\"https:\/\/www.altus.com.br\/wp-content\/uploads\/2025\/09\/politica-de-privacidade.pdf\">\n\t\t\t<svg xmlns=\"http:\/\/www.w3.org\/2000\/svg\" xmlns:xlink=\"http:\/\/www.w3.org\/1999\/xlink\" width=\"118\" height=\"118\" viewbox=\"0 0 118 118\" fill=\"none\"><rect width=\"118\" height=\"118\" fill=\"url(#pattern0_301_6)\"><\/rect><defs><pattern id=\"pattern0_301_6\" patterncontentunits=\"objectBoundingBox\" width=\"1\" height=\"1\"><use xlink:href=\"#image0_301_6\" transform=\"scale(0.015625)\"><\/use><\/pattern><image id=\"image0_301_6\" width=\"64\" height=\"64\" preserveaspectratio=\"none\" xlink:href=\"data:image\/png;base64,iVBORw0KGgoAAAANSUhEUgAAAEAAAABACAYAAACqaXHeAAAACXBIWXMAAA7DAAAOwwHHb6hkAAAAGXRFWHRTb2Z0d2FyZQB3d3cuaW5rc2NhcGUub3Jnm+48GgAACKNJREFUeJztm39wVNUVx7\/n7m5+YEjBgqAMILvJxDYOtYMWRMjugrRlaK1WQ6ItjK0z\/qAUkmywta3tju3UIuwuonHEmdIpOlACFlEDttbsbvg1DLQppVvRZJffjEaFMRCTkN17+kd+8PZld9\/u5pFd0M8\/yT177jn3fXfvu\/fd+y5BQakzkDO2MO\/HDCwEUArgOmSODgBBIuyEQT7vW1Z86nIkof5\/bJ6jtzDkVjAslyPREOkEUOuvsbygd2AC+i6e5S4ABXon0BNm\/LzJYVmpZ0yav7Yl97OICGTpN69GguQsf3XxPr0CGjvD4keA6uIZ6yVL1\/hJRe9tWUgRvZKlwmzPsesJ8vvE\/DSAkX1mARZPAZinVx6yuoONAOwDFsZ6v8PykF4JhordE1wgGW8qTBGS4fG+2pKP9YgvAJqqNLAwrNYjsF54qy0NAL+rMBlI5JTqFV8AfK3SMG7C5Pf1Cq4f9G5UkeUYvSILKIZCAMhUn08IIapNEiT0Cq1boCsVo6YHM9nXBGdKKW5IJbAQ8oy3yrIXRJx264YBTQHKPKEXJOhRpHgdkgk2d6jOByxNt3HDgWYXIGBRusGZsDjdusOF9j2A8b\/0w3Mg\/brDg2YXiBhxnyFCDhBfn0pgYpyBkbNqThELTQF2L7ecALB8GNqSET73w+AXAmS6AZnmCwEy3YBMozkKzHo2OCmdYTBNOphpU1ON+e9RVmZWPrORgG7Ta00BDGFsBfFt+qVMDIF\/ULbqWEnTihuPKqxHFC6MsDwyqGKaaD8MEb6qV7IkMQlDuATAgACU27VKduddR4SbIWmDb4Xlv3ol0xSAgZcJeFSvhNpQCLldu5UW309KLwB47HJk0xSgqdq8xL4m+Eqqj8PpwOCOblNk9\/7eCx4WkugCxF5gzzC0JSVsTq9Rjpo8kySY2o\/v8znt4XTiaAuQTThZ2ApCM1lQOYMrSPI4AODCSWet7tYGQGyh9uM7UxGDrO5g1P3dX2OheM6Zwr66dZoUYjHA5QA0hmP6BJA7iGiD71NzI5wkE3pnqwB2d0spsyhnokUAm9MMcwqgv5LkLT6HeU+s5bmsEqDM1fJ1IUQFMyoA3JhElbN9f69N6NXLMSJsllJubnIUN\/cbMy6AzXN0FKSsYsIDAIqTqPIpgV6TzPUdBefeBoBrLoyeJ4gWMvhuAF9KIkYLMTYae+DRvAnaXcF7JeE5aPa9uEQAPkBGLo+1x8+Q9SDNvb4LYLwhSG7OM+KtncuKu1Wf7wCwY\/7altyuML4tWVSA8F3E3+0uZsJvLpp4hqYAkvA8gPFafgkwADQDYaoFUDXoU1bsS0bTCaCBiDZ3s6lhn2Nip1aiPmG2A9h+u\/tkfi71LGDmCgALAOSr\/YlobjYMg9FtIH6dmTaL3K7XfUOYEO2rmdgJYCuArba6QIHszruLiCvAdJcyt6YAgrFUjy6Q7AKpv7roe2nmiUufkBsBbFTf8zQF8DosrwJ4Ve9GZQvZ0AX0x8nCOjJUBcJtkLTeX2t+O57rVbkiZB0ZehoEF4BKCG6wuVuL4vledQLYPcEFIKxQmExguime\/1UlQJmrdaJk+jOi33k4cb4gvzFenatGAJvTawTRJoC\/rDCHBfED\/3zkhs\/i1bsiBCjztM6xeVpsiXy4cPLvCbhDaSOiJ7zVRQnXMrJeAKsrtJaY3mEWXqu7dUN5PRvUPnZPcAHAtSrzm76qKS6t+NkgwEVlodQZyBkoOFmA+OFLn9KitpOhl5UixOv3xpyLD6off6Ni99KdDQKcUxbGj8ofPVBwkgToX1HehPvbToVeKa9nw7R1B01E9BdVv+8Bycp3ln7lE3WisSNGqB+bz2bDRKgNwLj+Qg9QAuDD\/nLEwJWGCHwApijqVLadCmEkRp1mYKYyGBH9whfvVVpT+CZw1HfelvlfAFFzVDnCtyuLu5dbTjCzFYSgqmYlgxwq245E\/Z6liIoNQrMAovd8Yt1kLivM+6PKhHvULk2OopOGCM2FYrMkBieMORcXJ3wrTeDeqFSM\/QJA1Du3H5xoLUmi2boR7jG9BmBg4ZKA6bPdoW+o\/RprzccNkuyILUIPM98fq9\/3Y3MHbwVjmsIkBcJvCACHlY7CIFZgGNnzs0lnGLwrqg1gZyzf+CLwL5scRXsT5ZHMv4uqAXgba0pOC2auj46FB62e4J\/s7pbSYesOLNwqy3ybu7UyluuACIwmAOcJ7PJXWxKuNdhcoR8S0beic8INAFTqDOSMKcwLAIj7xKQz7WB61u8w\/\/pSY5isa0IHVD\/RD3siPHXviqK2oSSzPXN0PBvlfwCMvZQPB\/w15ukgYhFwll4UTPcBOD+URClQCOIn5zzTcumQBhGD8BgQ9VL0OJOBGmx1gbSP8Uxbd2YEGyPboLx4QELI5f03SwEAXof5kGCaDaAl3WRDxV9lOcDMHpX5Vu7O2zRt3UFTqvFKnYGcazo66wGaobQTYZXyyM3APMDrMB\/6uL3rZhA\/AuAfAD5INWmStIPpt42PF6vHdYjzJ59gsF9l\/k5Bx+i37vxDMJn1fgCArS5QMKYwfzv1rgYr2Xt+xLknlYas2AZTMntty1gRFrvQOyNU8m8icY+vesqxRPXLVh2bQobINgBfU310iGT4TvVRm8zPBFXsWlb8UcSAb2LweH8Ls2y2ukLl8eqWuUMLyRBpxuCLPyyNcl6sc0ZZ9wvoZ477vQkRGP+G3hOsarZxxODof49olud9s0EaXCDcHcP3sDTKubuWFX8UK0\/WCgAAd6w8MtKYY\/ojGLG+9S4GrQYA6l0LyBvswvWU2\/1Qog2WrBYAQO8cwR2qBmElkl\/G7yHG4z6HZY2WY\/YL0MfsNaGpJPklAqYn9qRmAj\/sq7EcTCbuFSMA0Puk2nY6uARMv8Lgk+1tTPTUuAlTXkzl5NsVJUA\/trpAAXfl\/RSEJQAIjDrK63ounc3U\/wNSmC6faI44agAAAABJRU5ErkJggg==\"><\/image><\/defs><\/svg>\t\t\t<\/a>\n\t\t<\/div>\n\t\t\t\t\t\t<\/div>\n\t\t\t\t<\/div>\n\t\t\t\t<div class=\"elementor-element elementor-element-9290797 elementor-widget elementor-widget-heading\" data-id=\"9290797\" data-element_type=\"widget\" data-widget_type=\"heading.default\">\n\t\t\t\t<div class=\"elementor-widget-container\">\n\t\t\t\t\t<span class=\"elementor-heading-title elementor-size-default\"><a href=\"https:\/\/www.altus.com.br\/wp-content\/uploads\/2025\/09\/politica-de-privacidade.pdf\">Politica de Privacidade<\/a><\/span>\t\t\t\t<\/div>\n\t\t\t\t<\/div>\n\t\t\t\t<\/div>\n\t\t<div class=\"elementor-element elementor-element-3da3e48 e-con-full e-flex e-con e-child\" data-id=\"3da3e48\" data-element_type=\"container\">\n\t\t\t\t<div class=\"elementor-element elementor-element-8e8881b e-transform elementor-view-default elementor-widget elementor-widget-icon\" data-id=\"8e8881b\" data-element_type=\"widget\" data-settings=\"{&quot;_transform_scale_effect_hover&quot;:{&quot;unit&quot;:&quot;px&quot;,&quot;size&quot;:1.1,&quot;sizes&quot;:[]},&quot;_transform_scale_effect_hover_tablet&quot;:{&quot;unit&quot;:&quot;px&quot;,&quot;size&quot;:&quot;&quot;,&quot;sizes&quot;:[]},&quot;_transform_scale_effect_hover_mobile&quot;:{&quot;unit&quot;:&quot;px&quot;,&quot;size&quot;:&quot;&quot;,&quot;sizes&quot;:[]}}\" data-widget_type=\"icon.default\">\n\t\t\t\t<div class=\"elementor-widget-container\">\n\t\t\t\t\t\t\t<div class=\"elementor-icon-wrapper\">\n\t\t\t<a class=\"elementor-icon\" href=\"https:\/\/www.altus.com.br\/wp-content\/uploads\/2023\/10\/termo-de-uso.pdf\">\n\t\t\t<svg xmlns=\"http:\/\/www.w3.org\/2000\/svg\" xmlns:xlink=\"http:\/\/www.w3.org\/1999\/xlink\" width=\"119\" height=\"119\" viewbox=\"0 0 119 119\" fill=\"none\"><rect width=\"119\" height=\"119\" fill=\"url(#pattern0_301_5)\"><\/rect><defs><pattern id=\"pattern0_301_5\" patterncontentunits=\"objectBoundingBox\" width=\"1\" height=\"1\"><use xlink:href=\"#image0_301_5\" transform=\"scale(0.015625)\"><\/use><\/pattern><image id=\"image0_301_5\" width=\"64\" height=\"64\" preserveaspectratio=\"none\" xlink:href=\"data:image\/png;base64,iVBORw0KGgoAAAANSUhEUgAAAEAAAABACAYAAACqaXHeAAAACXBIWXMAAA7DAAAOwwHHb6hkAAAAGXRFWHRTb2Z0d2FyZQB3d3cuaW5rc2NhcGUub3Jnm+48GgAABYVJREFUeJztm21sU2UUx3\/n3pYR5EXCSwBFYR2aSIREjYjC2iIJChJeYvSDMEMwMTGGrEUUJNFFDSCwDuGTX4xBjYJCjJDwEnEtQwIEPxjCYNlaxAhKkMQp47W9xw9toUC5Y91627H+P7X3ee55zu9\/z3O6e7tCSSWVVFIPltgNjq052mtwv94fIswHhjuU051J9LQgX5xtvfTe0ZqxV3IN47IbHDKg9weqvJ1r8LxKZYTCO4P691ZgWa5hbA1QdD4IqvrM3sUV+3NdJB\/yrY1OUoMGEa2iEwYYtqMqIwCKDR4g\/JZnH3Atx1xlb0APUMmAQidQaPV4A2w\/BezkrY1GECq7MpnbS8KRYLk\/H5FLFZDriZHFHm9XJlIo9fgK6PEGlJpgPoJ2J90VTfDpNS1D3YYsRBgHXATdFgl4vkdE2zs3ZwOKSW5TmoB7rx+RBd662NayNX9V7V4yrM3u3LvCAJLwP6F8h8FIlDeBuZeNtn+AhXYndtsmWFkXnUuqwEX4OFxdvixd8v7a2CZL9ADCgspQdN3eoOfI7SJ3yyZYWRedK8o3kIIPeJZm7vf6xeW\/Imwj+chvil2sbtcEM+DdKKvDQc\/SrBOVywCC9rKL160qwBtqmXMNHprkv9+XZ5s36ZPoA8AsAEOwfZrVbQzwhlrmgGwiCX8FeFj7j\/zKV1N\/QxVPXt88xEywHegH7K4PVPxsF9f2sbg3FFWASNBzy7yON8Hc\/5q7EV5XGIb5g2VZu4ABIrKJ1pPzwjX++OT1zUOMuLEHeBRotFyWz0hQMfS+ikPfviSJbLGLvgJuho8EK5bXV48+aBjGNKBVVV9mwINf+lafGJYBD+A2E+YG1Nh\/5o8T1beLn3MFOKFs8Jnj\/nUnJqQrATgP9AU9hsgFlMdT084L+MNBz+FsaxRtBbQHD1BfPfqgKPNSb\/sCjfGrvaaKxfHUsfMg028HD0VqgL8uOgPka8ANsiYbPCQbngorUm+bxGVNc7vjK1R4BWgTsWZGguUNdmsVnQH+uugMS9kClCXhy7N+NXdTwzsuLmsqcfMjRV8lCf9CODAm3N56RXUv4KtrmW0pmwE3wspIoPzdbPNS8D+SaniWmFOMhKwCrSJd9oExtlc+raIxwFfXMltVMuA9WeF9a5sGaxJ+XPqYgbUKvQ7fXtlnqii2QIfgDdcekvCN1wZyhIciMCAFn+z2HYC3xJyaMZwTPBR4C2TA91JYtbcD8AbWquszcoOHAlbALfBBT9bv+FPw6T3f6DJkiqGJ51JlD0Cu8FAgA\/yh5lkdhB9PCn5PdfmZhCQiClu6IhfHDfCHmmdZGJvJER5gX+Ch2N6g58WuyMdRA\/yh5rFpeGBbLvBdLUcNUDGfJwkPML2ytqXq5jmTVp4cqKZrJ0n4JkvMqfmCB6cNQJ9MvTwCmCLyma82lr6Zwbe2abBZFq9P3ck1ugzxNgRG\/ZnPnJz9GFQmgpwrS\/SZeNm8sB3Up6KfV9a2GNYV9zY14zvRzCs\/Km9XPi3HKmBy3W\/DgfsVPbB7ybA2Kbs4E2ggVQlmWeKwk1c+LccMMDT+FICIHgQIv\/FIm0AQ5BxggpaDHstnw8smx7aAiExQBSx5zBuK7WBdbILCQLj2OP+oyzCedRIeHDLAXxsbbymvgYIwGxRUYqjuVOGgiHXofJ\/Ww7+8\/sRVJ\/LJlCMGWMJW0EGquss0ZEPctA41LBpz1om125MzW0CsT1Vl9D1urd6xqOKyI2veoRwxIBKoWO3EOrmo4M8DCq2SAYVOoNCyN0D0NCR\/nOBINh2QNxSbnHp5qjNx7H8xorJRYKkaNHhD0c6skwel\/z2EjZ2JYmvAuX8vvT+of29EtKqzv8zIg04hbPy79VJNoRMpqaSSSuq2+h8KSlG047i4UgAAAABJRU5ErkJggg==\"><\/image><\/defs><\/svg>\t\t\t<\/a>\n\t\t<\/div>\n\t\t\t\t\t\t<\/div>\n\t\t\t\t<\/div>\n\t\t\t\t<div class=\"elementor-element elementor-element-e0e5bb8 elementor-widget elementor-widget-heading\" data-id=\"e0e5bb8\" data-element_type=\"widget\" data-widget_type=\"heading.default\">\n\t\t\t\t<div class=\"elementor-widget-container\">\n\t\t\t\t\t<span class=\"elementor-heading-title elementor-size-default\"><a href=\"https:\/\/www.altus.com.br\/wp-content\/uploads\/2023\/10\/termo-de-uso.pdf\">Usage Terms<\/a><\/span>\t\t\t\t<\/div>\n\t\t\t\t<\/div>\n\t\t\t\t<\/div>\n\t\t\t\t<\/div>\n\t\t\t\t\t<\/div>\n\t\t\t\t<\/div>\n\t\t\t\t<\/div>","protected":false},"excerpt":{"rendered":"<p>Suporte Pol\u00edtica de Privacidade A Altus est\u00e1 comprometida com a prote\u00e7\u00e3o da sua privacidade e a seguran\u00e7a dos seus dados pessoais, utilizados exclusivamente para proporcionar uma melhor experi\u00eancia quando voc\u00ea utiliza nossos produtos e servi\u00e7os. Garantimos total confidencialidade e privacidade das suas informa\u00e7\u00f5es, empregando-as apenas para comunica\u00e7\u00f5es diretas entre voc\u00ea e a Altus. Para mais [&hellip;]<\/p>\n","protected":false},"author":3,"featured_media":0,"parent":0,"menu_order":0,"comment_status":"closed","ping_status":"closed","template":"","meta":{"footnotes":""},"class_list":["post-2143","page","type-page","status-publish","hentry"],"acf":[],"_links":{"self":[{"href":"https:\/\/www.altus.com.br\/en\/wp-json\/wp\/v2\/pages\/2143","targetHints":{"allow":["GET"]}}],"collection":[{"href":"https:\/\/www.altus.com.br\/en\/wp-json\/wp\/v2\/pages"}],"about":[{"href":"https:\/\/www.altus.com.br\/en\/wp-json\/wp\/v2\/types\/page"}],"author":[{"embeddable":true,"href":"https:\/\/www.altus.com.br\/en\/wp-json\/wp\/v2\/users\/3"}],"replies":[{"embeddable":true,"href":"https:\/\/www.altus.com.br\/en\/wp-json\/wp\/v2\/comments?post=2143"}],"version-history":[{"count":55,"href":"https:\/\/www.altus.com.br\/en\/wp-json\/wp\/v2\/pages\/2143\/revisions"}],"predecessor-version":[{"id":18610,"href":"https:\/\/www.altus.com.br\/en\/wp-json\/wp\/v2\/pages\/2143\/revisions\/18610"}],"wp:attachment":[{"href":"https:\/\/www.altus.com.br\/en\/wp-json\/wp\/v2\/media?parent=2143"}],"curies":[{"name":"wp","href":"https:\/\/api.w.org\/{rel}","templated":true}]}}