{"id":3550,"date":"2024-01-26T15:53:35","date_gmt":"2024-01-26T18:53:35","guid":{"rendered":"https:\/\/www.altus.com.br\/?page_id=3550"},"modified":"2026-02-25T15:50:43","modified_gmt":"2026-02-25T18:50:43","slug":"sistemas-de-io","status":"publish","type":"page","link":"https:\/\/www.altus.com.br\/en\/produtos\/controle-e-i-o\/sistemas-de-io\/","title":{"rendered":"I\/O Systems"},"content":{"rendered":"\t\t<div data-elementor-type=\"wp-page\" data-elementor-id=\"3550\" class=\"elementor elementor-3550\" data-elementor-post-type=\"page\">\n\t\t\t\t<div class=\"elementor-element elementor-element-b51b262 e-flex e-con-boxed e-con e-parent\" data-id=\"b51b262\" data-element_type=\"container\" data-settings=\"{&quot;background_background&quot;:&quot;classic&quot;}\">\n\t\t\t\t\t<div class=\"e-con-inner\">\n\t\t<div class=\"elementor-element elementor-element-15ccc74 e-con-full e-flex e-con e-child\" data-id=\"15ccc74\" data-element_type=\"container\">\n\t\t<div class=\"elementor-element elementor-element-e5e758f e-con-full e-flex e-con e-child\" data-id=\"e5e758f\" data-element_type=\"container\">\n\t\t\t\t<div class=\"elementor-element elementor-element-fdd8ba9 elementor-icon-list--layout-inline elementor-list-item-link-full_width elementor-widget elementor-widget-icon-list\" data-id=\"fdd8ba9\" data-element_type=\"widget\" data-widget_type=\"icon-list.default\">\n\t\t\t\t<div class=\"elementor-widget-container\">\n\t\t\t\t\t\t\t<ul class=\"elementor-icon-list-items elementor-inline-items\">\n\t\t\t\t\t\t\t<li class=\"elementor-icon-list-item elementor-inline-item\">\n\t\t\t\t\t\t\t\t\t\t<span class=\"elementor-icon-list-text\">Produtos<\/span>\n\t\t\t\t\t\t\t\t\t<\/li>\n\t\t\t\t\t\t\t\t<li class=\"elementor-icon-list-item elementor-inline-item\">\n\t\t\t\t\t\t\t\t\t\t\t<span class=\"elementor-icon-list-icon\">\n\t\t\t\t\t\t\t<i aria-hidden=\"true\" class=\"fas fa-chevron-right\"><\/i>\t\t\t\t\t\t<\/span>\n\t\t\t\t\t\t\t\t\t\t<span class=\"elementor-icon-list-text\">Controle e I\/O<\/span>\n\t\t\t\t\t\t\t\t\t<\/li>\n\t\t\t\t\t\t\t\t<li class=\"elementor-icon-list-item elementor-inline-item\">\n\t\t\t\t\t\t\t\t\t\t\t<a href=\"https:\/\/www.altus.com.br\/en\/produtos\/controle-e-i-o\/sistemas-de-io\/\">\n\n\t\t\t\t\t\t\t\t\t\t\t\t<span class=\"elementor-icon-list-icon\">\n\t\t\t\t\t\t\t<i aria-hidden=\"true\" class=\"fas fa-chevron-right\"><\/i>\t\t\t\t\t\t<\/span>\n\t\t\t\t\t\t\t\t\t\t<span class=\"elementor-icon-list-text\">Sistemas de I\/O<\/span>\n\t\t\t\t\t\t\t\t\t\t\t<\/a>\n\t\t\t\t\t\t\t\t\t<\/li>\n\t\t\t\t\t\t<\/ul>\n\t\t\t\t\t\t<\/div>\n\t\t\t\t<\/div>\n\t\t\t\t<div class=\"elementor-element elementor-element-12ec541 elementor-widget elementor-widget-heading\" data-id=\"12ec541\" data-element_type=\"widget\" data-widget_type=\"heading.default\">\n\t\t\t\t<div class=\"elementor-widget-container\">\n\t\t\t\t\t<h1 class=\"elementor-heading-title elementor-size-default\">Sistemas de I\/O<\/h1>\t\t\t\t<\/div>\n\t\t\t\t<\/div>\n\t\t\t\t<div class=\"elementor-element elementor-element-03c6d82 elementor-widget__width-initial elementor-widget elementor-widget-heading\" data-id=\"03c6d82\" data-element_type=\"widget\" data-widget_type=\"heading.default\">\n\t\t\t\t<div class=\"elementor-widget-container\">\n\t\t\t\t\t<p class=\"elementor-heading-title elementor-size-default\">Assuma o controle do seu neg\u00f3cio com os CLPs Altus<\/p>\t\t\t\t<\/div>\n\t\t\t\t<\/div>\n\t\t\t\t<div class=\"elementor-element elementor-element-9cccdea elementor-widget elementor-widget-theme-post-excerpt\" data-id=\"9cccdea\" data-element_type=\"widget\" data-widget_type=\"theme-post-excerpt.default\">\n\t\t\t\t<div class=\"elementor-widget-container\">\n\t\t\t\t\tCriado para atender \u00e0s demandas de sistemas distribu\u00eddos e aplica\u00e7\u00f5es stand alone, o Sistema Nexto de controladores program\u00e1veis e unidades terminais remotas conta uma ampla variedade de equipamentos de comunica\u00e7\u00e3o para dar mais escalabilidade e flexibilidade ao seu neg\u00f3cio.\t\t\t\t<\/div>\n\t\t\t\t<\/div>\n\t\t\t\t<\/div>\n\t\t\t\t<\/div>\n\t\t\t\t<div class=\"elementor-element elementor-element-05952ad elementor-widget elementor-widget-image\" data-id=\"05952ad\" data-element_type=\"widget\" data-widget_type=\"image.default\">\n\t\t\t\t<div class=\"elementor-widget-container\">\n\t\t\t\t\t\t\t\t\t\t\t\t\t\t\t<img fetchpriority=\"high\" decoding=\"async\" width=\"500\" height=\"401\" src=\"https:\/\/www.altus.com.br\/wp-content\/uploads\/2024\/12\/Sistemas-de-IO-CAPA_2.png\" class=\"attachment-large size-large wp-image-13707\" alt=\"\" srcset=\"https:\/\/www.altus.com.br\/wp-content\/uploads\/2024\/12\/Sistemas-de-IO-CAPA_2.png 500w, https:\/\/www.altus.com.br\/wp-content\/uploads\/2024\/12\/Sistemas-de-IO-CAPA_2-300x241.png 300w, https:\/\/www.altus.com.br\/wp-content\/uploads\/2024\/12\/Sistemas-de-IO-CAPA_2-15x12.png 15w\" sizes=\"(max-width: 500px) 100vw, 500px\" \/>\t\t\t\t\t\t\t\t\t\t\t\t\t\t\t<\/div>\n\t\t\t\t<\/div>\n\t\t\t\t\t<\/div>\n\t\t\t\t<\/div>\n\t\t<div class=\"elementor-element elementor-element-49d32ab e-flex e-con-boxed e-con e-parent\" data-id=\"49d32ab\" data-element_type=\"container\">\n\t\t\t\t\t<div class=\"e-con-inner\">\n\t\t\t\t<div class=\"elementor-element elementor-element-3e73801 elementor-grid-tablet-3 elementor-grid-4 elementor-grid-mobile-1 elementor-widget elementor-widget-loop-grid\" data-id=\"3e73801\" data-element_type=\"widget\" data-settings=\"{&quot;template_id&quot;:&quot;1966&quot;,&quot;columns_tablet&quot;:3,&quot;columns&quot;:4,&quot;_skin&quot;:&quot;post&quot;,&quot;columns_mobile&quot;:&quot;1&quot;,&quot;edit_handle_selector&quot;:&quot;[data-elementor-type=\\&quot;loop-item\\&quot;]&quot;,&quot;row_gap&quot;:{&quot;unit&quot;:&quot;px&quot;,&quot;size&quot;:&quot;&quot;,&quot;sizes&quot;:[]},&quot;row_gap_tablet&quot;:{&quot;unit&quot;:&quot;px&quot;,&quot;size&quot;:&quot;&quot;,&quot;sizes&quot;:[]},&quot;row_gap_mobile&quot;:{&quot;unit&quot;:&quot;px&quot;,&quot;size&quot;:&quot;&quot;,&quot;sizes&quot;:[]}}\" data-widget_type=\"loop-grid.post\">\n\t\t\t\t<div class=\"elementor-widget-container\">\n\t\t\t\t\t\t\t<div class=\"elementor-loop-container elementor-grid\" role=\"list\">\n\t\t<style id=\"loop-1966\">.elementor-1966 .elementor-element.elementor-element-5cfa1e1{--display:flex;--flex-direction:column;--container-widget-width:100%;--container-widget-height:initial;--container-widget-flex-grow:0;--container-widget-align-self:initial;--flex-wrap-mobile:wrap;--justify-content:flex-end;--background-transition:0.3s;--overlay-opacity:1;--border-radius:20px 20px 20px 20px;--margin-top:5px;--margin-bottom:5px;--margin-left:5px;--margin-right:5px;--padding-top:20px;--padding-bottom:20px;--padding-left:20px;--padding-right:20px;}.elementor-1966 .elementor-element.elementor-element-5cfa1e1:not(.elementor-motion-effects-element-type-background), .elementor-1966 .elementor-element.elementor-element-5cfa1e1 > .elementor-motion-effects-container > .elementor-motion-effects-layer{background-color:#ECF2F5;}.elementor-1966 .elementor-element.elementor-element-5cfa1e1:hover{background-color:transparent;background-image:linear-gradient(180deg, #113085 0%, #081554 100%);--overlay-opacity:1;}.elementor-1966 .elementor-element.elementor-element-5cfa1e1::before, .elementor-1966 .elementor-element.elementor-element-5cfa1e1 > .elementor-background-video-container::before, .elementor-1966 .elementor-element.elementor-element-5cfa1e1 > .e-con-inner > .elementor-background-video-container::before, .elementor-1966 .elementor-element.elementor-element-5cfa1e1 > .elementor-background-slideshow::before, .elementor-1966 .elementor-element.elementor-element-5cfa1e1 > .e-con-inner > .elementor-background-slideshow::before, .elementor-1966 .elementor-element.elementor-element-5cfa1e1 > .elementor-motion-effects-container > .elementor-motion-effects-layer::before{--background-overlay:'';}.elementor-1966 .elementor-element.elementor-element-5cfa1e1:hover::before, .elementor-1966 .elementor-element.elementor-element-5cfa1e1:hover > .elementor-background-video-container::before, .elementor-1966 .elementor-element.elementor-element-5cfa1e1:hover > .e-con-inner > .elementor-background-video-container::before, .elementor-1966 .elementor-element.elementor-element-5cfa1e1 > .elementor-background-slideshow:hover::before, .elementor-1966 .elementor-element.elementor-element-5cfa1e1 > .e-con-inner > .elementor-background-slideshow:hover::before{--background-overlay:'';}.elementor-widget-image .widget-image-caption{color:var( --e-global-color-text );font-family:var( --e-global-typography-text-font-family ), Sans-serif;font-weight:var( --e-global-typography-text-font-weight );}.elementor-widget-heading .elementor-heading-title{font-family:var( --e-global-typography-primary-font-family ), Sans-serif;font-weight:var( --e-global-typography-primary-font-weight );color:var( --e-global-color-primary );}.elementor-1966 .elementor-element.elementor-element-9c0c647 .elementor-heading-title{font-family:\"PP Mori\", Sans-serif;font-size:20px;font-weight:400;color:#050917;}\/* Start custom CSS for container, class: .elementor-element-5cfa1e1 *\/.elementor-1966 .elementor-element.elementor-element-5cfa1e1:hover .elementor-heading-title {\n    color: #3f8edd;\n}\/* End custom CSS *\/<\/style>\t\t<div data-elementor-type=\"loop-item\" data-elementor-id=\"1966\" class=\"elementor elementor-1966 e-loop-item e-loop-item-3587 post-3587 serie type-serie status-publish format-standard has-post-thumbnail hentry categoria-sistemas-de-i-o\" data-elementor-post-type=\"elementor_library\" data-custom-edit-handle=\"1\">\n\t\t\t<a class=\"elementor-element elementor-element-5cfa1e1 e-con-full e-flex e-con e-child\" data-id=\"5cfa1e1\" data-element_type=\"container\" data-settings=\"{&quot;background_background&quot;:&quot;classic&quot;}\" href=\"https:\/\/www.altus.com.br\/en\/serie\/sistema-de-i-o-nj\/\">\n\t\t\t\t<div class=\"elementor-element elementor-element-ecd796f elementor-widget elementor-widget-image\" data-id=\"ecd796f\" data-element_type=\"widget\" data-widget_type=\"image.default\">\n\t\t\t\t<div class=\"elementor-widget-container\">\n\t\t\t\t\t\t\t\t\t\t\t\t\t\t\t<img decoding=\"async\" width=\"500\" height=\"509\" src=\"https:\/\/www.altus.com.br\/wp-content\/uploads\/2024\/01\/capa-NJ-1.png\" class=\"attachment-large size-large wp-image-13712\" alt=\"\" srcset=\"https:\/\/www.altus.com.br\/wp-content\/uploads\/2024\/01\/capa-NJ-1.png 500w, https:\/\/www.altus.com.br\/wp-content\/uploads\/2024\/01\/capa-NJ-1-295x300.png 295w, https:\/\/www.altus.com.br\/wp-content\/uploads\/2024\/01\/capa-NJ-1-12x12.png 12w\" sizes=\"(max-width: 500px) 100vw, 500px\" \/>\t\t\t\t\t\t\t\t\t\t\t\t\t\t\t<\/div>\n\t\t\t\t<\/div>\n\t\t\t\t<div class=\"elementor-element elementor-element-9c0c647 elementor-widget elementor-widget-heading\" data-id=\"9c0c647\" data-element_type=\"widget\" data-widget_type=\"heading.default\">\n\t\t\t\t<div class=\"elementor-widget-container\">\n\t\t\t\t\t<h2 class=\"elementor-heading-title elementor-size-default\">Nexto NJ<\/h2>\t\t\t\t<\/div>\n\t\t\t\t<\/div>\n\t\t\t\t<\/a>\n\t\t\t\t<\/div>\n\t\t\t\t<div data-elementor-type=\"loop-item\" data-elementor-id=\"1966\" class=\"elementor elementor-1966 e-loop-item e-loop-item-4968 post-4968 serie type-serie status-publish format-standard has-post-thumbnail hentry categoria-sistemas-de-i-o\" data-elementor-post-type=\"elementor_library\" data-custom-edit-handle=\"1\">\n\t\t\t<a class=\"elementor-element elementor-element-5cfa1e1 e-con-full e-flex e-con e-child\" data-id=\"5cfa1e1\" data-element_type=\"container\" data-settings=\"{&quot;background_background&quot;:&quot;classic&quot;}\" href=\"https:\/\/www.altus.com.br\/en\/serie\/modulos-io-nx\/\">\n\t\t\t\t<div class=\"elementor-element elementor-element-ecd796f elementor-widget elementor-widget-image\" data-id=\"ecd796f\" data-element_type=\"widget\" data-widget_type=\"image.default\">\n\t\t\t\t<div class=\"elementor-widget-container\">\n\t\t\t\t\t\t\t\t\t\t\t\t\t\t\t<img decoding=\"async\" width=\"500\" height=\"509\" src=\"https:\/\/www.altus.com.br\/wp-content\/uploads\/2024\/04\/capa-NX.png\" class=\"attachment-large size-large wp-image-13713\" alt=\"\" srcset=\"https:\/\/www.altus.com.br\/wp-content\/uploads\/2024\/04\/capa-NX.png 500w, https:\/\/www.altus.com.br\/wp-content\/uploads\/2024\/04\/capa-NX-295x300.png 295w, https:\/\/www.altus.com.br\/wp-content\/uploads\/2024\/04\/capa-NX-12x12.png 12w\" sizes=\"(max-width: 500px) 100vw, 500px\" \/>\t\t\t\t\t\t\t\t\t\t\t\t\t\t\t<\/div>\n\t\t\t\t<\/div>\n\t\t\t\t<div class=\"elementor-element elementor-element-9c0c647 elementor-widget elementor-widget-heading\" data-id=\"9c0c647\" data-element_type=\"widget\" data-widget_type=\"heading.default\">\n\t\t\t\t<div class=\"elementor-widget-container\">\n\t\t\t\t\t<h2 class=\"elementor-heading-title elementor-size-default\">Nexto NX<\/h2>\t\t\t\t<\/div>\n\t\t\t\t<\/div>\n\t\t\t\t<\/a>\n\t\t\t\t<\/div>\n\t\t\t\t<div data-elementor-type=\"loop-item\" data-elementor-id=\"1966\" class=\"elementor elementor-1966 e-loop-item e-loop-item-7075 post-7075 serie type-serie status-publish format-standard has-post-thumbnail hentry categoria-sistemas-de-i-o\" data-elementor-post-type=\"elementor_library\" data-custom-edit-handle=\"1\">\n\t\t\t<a class=\"elementor-element elementor-element-5cfa1e1 e-con-full e-flex e-con e-child\" data-id=\"5cfa1e1\" data-element_type=\"container\" data-settings=\"{&quot;background_background&quot;:&quot;classic&quot;}\" href=\"https:\/\/www.altus.com.br\/en\/serie\/sistema-de-i-o-xp\/\">\n\t\t\t\t<div class=\"elementor-element elementor-element-ecd796f elementor-widget elementor-widget-image\" data-id=\"ecd796f\" data-element_type=\"widget\" data-widget_type=\"image.default\">\n\t\t\t\t<div class=\"elementor-widget-container\">\n\t\t\t\t\t\t\t\t\t\t\t\t\t\t\t<img loading=\"lazy\" decoding=\"async\" width=\"500\" height=\"509\" src=\"https:\/\/www.altus.com.br\/wp-content\/uploads\/2024\/09\/1.png\" class=\"attachment-large size-large wp-image-15758\" alt=\"\" srcset=\"https:\/\/www.altus.com.br\/wp-content\/uploads\/2024\/09\/1.png 500w, https:\/\/www.altus.com.br\/wp-content\/uploads\/2024\/09\/1-295x300.png 295w, https:\/\/www.altus.com.br\/wp-content\/uploads\/2024\/09\/1-12x12.png 12w\" sizes=\"(max-width: 500px) 100vw, 500px\" \/>\t\t\t\t\t\t\t\t\t\t\t\t\t\t\t<\/div>\n\t\t\t\t<\/div>\n\t\t\t\t<div class=\"elementor-element elementor-element-9c0c647 elementor-widget elementor-widget-heading\" data-id=\"9c0c647\" data-element_type=\"widget\" data-widget_type=\"heading.default\">\n\t\t\t\t<div class=\"elementor-widget-container\">\n\t\t\t\t\t<h2 class=\"elementor-heading-title elementor-size-default\">Nexto XP<\/h2>\t\t\t\t<\/div>\n\t\t\t\t<\/div>\n\t\t\t\t<\/a>\n\t\t\t\t<\/div>\n\t\t\t\t<div data-elementor-type=\"loop-item\" data-elementor-id=\"1966\" class=\"elementor elementor-1966 e-loop-item e-loop-item-15728 post-15728 serie type-serie status-publish format-standard has-post-thumbnail hentry categoria-controle-e-i-o categoria-sistemas-de-i-o\" data-elementor-post-type=\"elementor_library\" data-custom-edit-handle=\"1\">\n\t\t\t<a class=\"elementor-element elementor-element-5cfa1e1 e-con-full e-flex e-con e-child\" data-id=\"5cfa1e1\" data-element_type=\"container\" data-settings=\"{&quot;background_background&quot;:&quot;classic&quot;}\" href=\"https:\/\/www.altus.com.br\/en\/serie\/remotas-i-o\/\">\n\t\t\t\t<div class=\"elementor-element elementor-element-ecd796f elementor-widget elementor-widget-image\" data-id=\"ecd796f\" data-element_type=\"widget\" data-widget_type=\"image.default\">\n\t\t\t\t<div class=\"elementor-widget-container\">\n\t\t\t\t\t\t\t\t\t\t\t\t\t\t\t<img loading=\"lazy\" decoding=\"async\" width=\"550\" height=\"440\" src=\"https:\/\/www.altus.com.br\/wp-content\/uploads\/2025\/05\/capa-1.png\" class=\"attachment-large size-large wp-image-17554\" alt=\"\" srcset=\"https:\/\/www.altus.com.br\/wp-content\/uploads\/2025\/05\/capa-1.png 550w, https:\/\/www.altus.com.br\/wp-content\/uploads\/2025\/05\/capa-1-300x240.png 300w, https:\/\/www.altus.com.br\/wp-content\/uploads\/2025\/05\/capa-1-15x12.png 15w\" sizes=\"(max-width: 550px) 100vw, 550px\" \/>\t\t\t\t\t\t\t\t\t\t\t\t\t\t\t<\/div>\n\t\t\t\t<\/div>\n\t\t\t\t<div class=\"elementor-element elementor-element-9c0c647 elementor-widget elementor-widget-heading\" data-id=\"9c0c647\" data-element_type=\"widget\" data-widget_type=\"heading.default\">\n\t\t\t\t<div class=\"elementor-widget-container\">\n\t\t\t\t\t<h2 class=\"elementor-heading-title elementor-size-default\">S\u00e9rie G<\/h2>\t\t\t\t<\/div>\n\t\t\t\t<\/div>\n\t\t\t\t<\/a>\n\t\t\t\t<\/div>\n\t\t\t\t<\/div>\n\t\t\n\t\t\t\t\t\t<\/div>\n\t\t\t\t<\/div>\n\t\t\t\t\t<\/div>\n\t\t\t\t<\/div>\n\t\t<div class=\"elementor-element elementor-element-40ca68a e-flex e-con-boxed e-con e-parent\" data-id=\"40ca68a\" data-element_type=\"container\">\n\t\t\t\t\t<div class=\"e-con-inner\">\n\t\t\t\t<div class=\"elementor-element elementor-element-c7864e6 elementor-widget elementor-widget-heading\" data-id=\"c7864e6\" data-element_type=\"widget\" data-widget_type=\"heading.default\">\n\t\t\t\t<div class=\"elementor-widget-container\">\n\t\t\t\t\t<h2 class=\"elementor-heading-title elementor-size-default\">Ampla variedade de recursos para comunica\u00e7\u00e3o<\/h2>\t\t\t\t<\/div>\n\t\t\t\t<\/div>\n\t\t\t\t\t<\/div>\n\t\t\t\t<\/div>\n\t\t<div class=\"elementor-element elementor-element-433dbab e-flex e-con-boxed e-con e-parent\" data-id=\"433dbab\" data-element_type=\"container\">\n\t\t\t\t\t<div class=\"e-con-inner\">\n\t\t<div class=\"elementor-element elementor-element-35a63b5 e-con-full e-flex e-con e-child\" data-id=\"35a63b5\" data-element_type=\"container\" data-settings=\"{&quot;background_background&quot;:&quot;classic&quot;}\">\n\t\t\t\t<div class=\"elementor-element elementor-element-ababe3b elementor-widget elementor-widget-heading\" data-id=\"ababe3b\" data-element_type=\"widget\" data-widget_type=\"heading.default\">\n\t\t\t\t<div class=\"elementor-widget-container\">\n\t\t\t\t\t<h2 class=\"elementor-heading-title elementor-size-default\">Flexibilidade e escalabilidade para sistemas distribu\u00eddos e stand alone<\/h2>\t\t\t\t<\/div>\n\t\t\t\t<\/div>\n\t\t\t\t<div class=\"elementor-element elementor-element-cbea7ea elementor-widget elementor-widget-text-editor\" data-id=\"cbea7ea\" data-element_type=\"widget\" data-widget_type=\"text-editor.default\">\n\t\t\t\t<div class=\"elementor-widget-container\">\n\t\t\t\t\t\t\t\t\t<p class=\"\" data-start=\"0\" data-end=\"222\">Com m\u00f3dulos de I\/O, interfaces de comunica\u00e7\u00e3o, expans\u00f5es de barramento e outros m\u00f3dulos especiais, os equipamentos do sistema permitem expandir a rede de comunica\u00e7\u00e3o da sua aplica\u00e7\u00e3o de forma r\u00e1pida, modular e eficiente.<\/p><p class=\"\" data-start=\"224\" data-end=\"287\"><a href=\"https:\/\/www.altus.com.br\/produtos\/controle-e-i-o\/clp\/\">Confira os modelos dispon\u00edveis em cada s\u00e9rie de produtos Nexto<\/a><\/p>\t\t\t\t\t\t\t\t<\/div>\n\t\t\t\t<\/div>\n\t\t\t\t<\/div>\n\t\t<div class=\"elementor-element elementor-element-45e9924 e-con-full e-flex e-con e-child\" data-id=\"45e9924\" data-element_type=\"container\">\n\t\t\t\t<div class=\"elementor-element elementor-element-4131b39 elementor-widget elementor-widget-image\" data-id=\"4131b39\" data-element_type=\"widget\" data-widget_type=\"image.default\">\n\t\t\t\t<div class=\"elementor-widget-container\">\n\t\t\t\t\t\t\t\t\t\t\t\t\t\t\t<img loading=\"lazy\" decoding=\"async\" width=\"800\" height=\"469\" src=\"https:\/\/www.altus.com.br\/wp-content\/uploads\/2024\/12\/Flexibilidade-e-escalabilidade-1024x600.jpg\" class=\"attachment-large size-large wp-image-13700\" alt=\"\" srcset=\"https:\/\/www.altus.com.br\/wp-content\/uploads\/2024\/12\/Flexibilidade-e-escalabilidade-1024x600.jpg 1024w, https:\/\/www.altus.com.br\/wp-content\/uploads\/2024\/12\/Flexibilidade-e-escalabilidade-300x176.jpg 300w, https:\/\/www.altus.com.br\/wp-content\/uploads\/2024\/12\/Flexibilidade-e-escalabilidade-768x450.jpg 768w, https:\/\/www.altus.com.br\/wp-content\/uploads\/2024\/12\/Flexibilidade-e-escalabilidade-1536x900.jpg 1536w, https:\/\/www.altus.com.br\/wp-content\/uploads\/2024\/12\/Flexibilidade-e-escalabilidade-2048x1200.jpg 2048w, https:\/\/www.altus.com.br\/wp-content\/uploads\/2024\/12\/Flexibilidade-e-escalabilidade-18x12.jpg 18w\" sizes=\"(max-width: 800px) 100vw, 800px\" \/>\t\t\t\t\t\t\t\t\t\t\t\t\t\t\t<\/div>\n\t\t\t\t<\/div>\n\t\t\t\t<\/div>\n\t\t\t\t\t<\/div>\n\t\t\t\t<\/div>\n\t\t\t\t<\/div>\n\t\t","protected":false},"excerpt":{"rendered":"<p>Designed to meet the needs of distributed systems and stand-alone applications, the Nexto System of programmable controllers and remote terminal units offers a wide range of communication modules, giving your business the scalability and flexibility it requires.<\/p>","protected":false},"author":2,"featured_media":0,"parent":17,"menu_order":0,"comment_status":"closed","ping_status":"closed","template":"","meta":{"footnotes":""},"class_list":["post-3550","page","type-page","status-publish","hentry"],"acf":[],"_links":{"self":[{"href":"https:\/\/www.altus.com.br\/en\/wp-json\/wp\/v2\/pages\/3550","targetHints":{"allow":["GET"]}}],"collection":[{"href":"https:\/\/www.altus.com.br\/en\/wp-json\/wp\/v2\/pages"}],"about":[{"href":"https:\/\/www.altus.com.br\/en\/wp-json\/wp\/v2\/types\/page"}],"author":[{"embeddable":true,"href":"https:\/\/www.altus.com.br\/en\/wp-json\/wp\/v2\/users\/2"}],"replies":[{"embeddable":true,"href":"https:\/\/www.altus.com.br\/en\/wp-json\/wp\/v2\/comments?post=3550"}],"version-history":[{"count":72,"href":"https:\/\/www.altus.com.br\/en\/wp-json\/wp\/v2\/pages\/3550\/revisions"}],"predecessor-version":[{"id":19983,"href":"https:\/\/www.altus.com.br\/en\/wp-json\/wp\/v2\/pages\/3550\/revisions\/19983"}],"up":[{"embeddable":true,"href":"https:\/\/www.altus.com.br\/en\/wp-json\/wp\/v2\/pages\/17"}],"wp:attachment":[{"href":"https:\/\/www.altus.com.br\/en\/wp-json\/wp\/v2\/media?parent=3550"}],"curies":[{"name":"wp","href":"https:\/\/api.w.org\/{rel}","templated":true}]}}