{"id":3553,"date":"2024-01-26T16:30:19","date_gmt":"2024-01-26T19:30:19","guid":{"rendered":"https:\/\/www.altus.com.br\/?page_id=3553"},"modified":"2026-01-21T10:39:22","modified_gmt":"2026-01-21T13:39:22","slug":"ihm","status":"publish","type":"page","link":"https:\/\/www.altus.com.br\/en\/produtos\/terminais-de-operacao\/ihm\/","title":{"rendered":"HMI"},"content":{"rendered":"\t\t<div data-elementor-type=\"wp-page\" data-elementor-id=\"3553\" class=\"elementor elementor-3553\" data-elementor-post-type=\"page\">\n\t\t\t\t<div class=\"elementor-element elementor-element-b51b262 e-flex e-con-boxed e-con e-parent\" data-id=\"b51b262\" data-element_type=\"container\" data-settings=\"{&quot;background_background&quot;:&quot;classic&quot;}\">\n\t\t\t\t\t<div class=\"e-con-inner\">\n\t\t<div class=\"elementor-element elementor-element-15ccc74 e-con-full e-flex e-con e-child\" data-id=\"15ccc74\" data-element_type=\"container\">\n\t\t<div class=\"elementor-element elementor-element-e5e758f e-con-full e-flex e-con e-child\" data-id=\"e5e758f\" data-element_type=\"container\">\n\t\t\t\t<div class=\"elementor-element elementor-element-fdd8ba9 elementor-icon-list--layout-inline elementor-list-item-link-full_width elementor-widget elementor-widget-icon-list\" data-id=\"fdd8ba9\" data-element_type=\"widget\" data-widget_type=\"icon-list.default\">\n\t\t\t\t<div class=\"elementor-widget-container\">\n\t\t\t\t\t\t\t<ul class=\"elementor-icon-list-items elementor-inline-items\">\n\t\t\t\t\t\t\t<li class=\"elementor-icon-list-item elementor-inline-item\">\n\t\t\t\t\t\t\t\t\t\t<span class=\"elementor-icon-list-text\">Produtos<\/span>\n\t\t\t\t\t\t\t\t\t<\/li>\n\t\t\t\t\t\t\t\t<li class=\"elementor-icon-list-item elementor-inline-item\">\n\t\t\t\t\t\t\t\t\t\t\t<span class=\"elementor-icon-list-icon\">\n\t\t\t\t\t\t\t<i aria-hidden=\"true\" class=\"fas fa-chevron-right\"><\/i>\t\t\t\t\t\t<\/span>\n\t\t\t\t\t\t\t\t\t\t<span class=\"elementor-icon-list-text\">Terminais de Opera\u00e7\u00e3o<\/span>\n\t\t\t\t\t\t\t\t\t<\/li>\n\t\t\t\t\t\t\t\t<li class=\"elementor-icon-list-item elementor-inline-item\">\n\t\t\t\t\t\t\t\t\t\t\t<a href=\"https:\/\/www.altus.com.br\/en\/produtos\/terminais-de-operacao\/ihm\/\">\n\n\t\t\t\t\t\t\t\t\t\t\t\t<span class=\"elementor-icon-list-icon\">\n\t\t\t\t\t\t\t<i aria-hidden=\"true\" class=\"fas fa-chevron-right\"><\/i>\t\t\t\t\t\t<\/span>\n\t\t\t\t\t\t\t\t\t\t<span class=\"elementor-icon-list-text\">IHM<\/span>\n\t\t\t\t\t\t\t\t\t\t\t<\/a>\n\t\t\t\t\t\t\t\t\t<\/li>\n\t\t\t\t\t\t<\/ul>\n\t\t\t\t\t\t<\/div>\n\t\t\t\t<\/div>\n\t\t\t\t<div class=\"elementor-element elementor-element-12ec541 elementor-widget elementor-widget-heading\" data-id=\"12ec541\" data-element_type=\"widget\" data-widget_type=\"heading.default\">\n\t\t\t\t<div class=\"elementor-widget-container\">\n\t\t\t\t\t<h1 class=\"elementor-heading-title elementor-size-default\">IHM<\/h1>\t\t\t\t<\/div>\n\t\t\t\t<\/div>\n\t\t\t\t<div class=\"elementor-element elementor-element-03c6d82 elementor-widget__width-initial elementor-widget elementor-widget-heading\" data-id=\"03c6d82\" data-element_type=\"widget\" data-widget_type=\"heading.default\">\n\t\t\t\t<div class=\"elementor-widget-container\">\n\t\t\t\t\t<p class=\"elementor-heading-title elementor-size-default\">Garanta o controle e a supervis\u00e3o das suas aplica\u00e7\u00f5es <\/p>\t\t\t\t<\/div>\n\t\t\t\t<\/div>\n\t\t\t\t<div class=\"elementor-element elementor-element-9cccdea elementor-widget elementor-widget-theme-post-excerpt\" data-id=\"9cccdea\" data-element_type=\"widget\" data-widget_type=\"theme-post-excerpt.default\">\n\t\t\t\t<div class=\"elementor-widget-container\">\n\t\t\t\t\tA Altus conta com uma poderosa sele\u00e7\u00e3o de interfaces homem-m\u00e1quinas (IHM) preparadas para elevar o n\u00edvel de controle e supervis\u00e3o das suas aplica\u00e7\u00f5es. \t\t\t\t<\/div>\n\t\t\t\t<\/div>\n\t\t\t\t<\/div>\n\t\t\t\t<\/div>\n\t\t\t\t<div class=\"elementor-element elementor-element-05952ad elementor-widget elementor-widget-image\" data-id=\"05952ad\" data-element_type=\"widget\" data-widget_type=\"image.default\">\n\t\t\t\t<div class=\"elementor-widget-container\">\n\t\t\t\t\t\t\t\t\t\t\t\t\t\t\t<img fetchpriority=\"high\" decoding=\"async\" width=\"500\" height=\"426\" src=\"https:\/\/www.altus.com.br\/wp-content\/uploads\/2025\/05\/IHM-CAPA.png\" class=\"attachment-large size-large wp-image-15484\" alt=\"\" srcset=\"https:\/\/www.altus.com.br\/wp-content\/uploads\/2025\/05\/IHM-CAPA.png 500w, https:\/\/www.altus.com.br\/wp-content\/uploads\/2025\/05\/IHM-CAPA-300x256.png 300w, https:\/\/www.altus.com.br\/wp-content\/uploads\/2025\/05\/IHM-CAPA-14x12.png 14w\" sizes=\"(max-width: 500px) 100vw, 500px\" \/>\t\t\t\t\t\t\t\t\t\t\t\t\t\t\t<\/div>\n\t\t\t\t<\/div>\n\t\t\t\t\t<\/div>\n\t\t\t\t<\/div>\n\t\t<div class=\"elementor-element elementor-element-49d32ab e-flex e-con-boxed e-con e-parent\" data-id=\"49d32ab\" data-element_type=\"container\">\n\t\t\t\t\t<div class=\"e-con-inner\">\n\t\t\t\t<div class=\"elementor-element elementor-element-3e73801 elementor-grid-tablet-3 elementor-grid-3 elementor-grid-mobile-1 elementor-widget elementor-widget-loop-grid\" data-id=\"3e73801\" data-element_type=\"widget\" data-settings=\"{&quot;template_id&quot;:&quot;1966&quot;,&quot;columns_tablet&quot;:3,&quot;_skin&quot;:&quot;post&quot;,&quot;columns&quot;:&quot;3&quot;,&quot;columns_mobile&quot;:&quot;1&quot;,&quot;edit_handle_selector&quot;:&quot;[data-elementor-type=\\&quot;loop-item\\&quot;]&quot;,&quot;row_gap&quot;:{&quot;unit&quot;:&quot;px&quot;,&quot;size&quot;:&quot;&quot;,&quot;sizes&quot;:[]},&quot;row_gap_tablet&quot;:{&quot;unit&quot;:&quot;px&quot;,&quot;size&quot;:&quot;&quot;,&quot;sizes&quot;:[]},&quot;row_gap_mobile&quot;:{&quot;unit&quot;:&quot;px&quot;,&quot;size&quot;:&quot;&quot;,&quot;sizes&quot;:[]}}\" data-widget_type=\"loop-grid.post\">\n\t\t\t\t<div class=\"elementor-widget-container\">\n\t\t\t\t\t\t\t<div class=\"elementor-loop-container elementor-grid\" role=\"list\">\n\t\t<style id=\"loop-1966\">.elementor-1966 .elementor-element.elementor-element-5cfa1e1{--display:flex;--flex-direction:column;--container-widget-width:100%;--container-widget-height:initial;--container-widget-flex-grow:0;--container-widget-align-self:initial;--flex-wrap-mobile:wrap;--justify-content:flex-end;--background-transition:0.3s;--overlay-opacity:1;--border-radius:20px 20px 20px 20px;--margin-top:5px;--margin-bottom:5px;--margin-left:5px;--margin-right:5px;--padding-top:20px;--padding-bottom:20px;--padding-left:20px;--padding-right:20px;}.elementor-1966 .elementor-element.elementor-element-5cfa1e1:not(.elementor-motion-effects-element-type-background), .elementor-1966 .elementor-element.elementor-element-5cfa1e1 > .elementor-motion-effects-container > .elementor-motion-effects-layer{background-color:#ECF2F5;}.elementor-1966 .elementor-element.elementor-element-5cfa1e1:hover{background-color:transparent;background-image:linear-gradient(180deg, #113085 0%, #081554 100%);--overlay-opacity:1;}.elementor-1966 .elementor-element.elementor-element-5cfa1e1::before, .elementor-1966 .elementor-element.elementor-element-5cfa1e1 > .elementor-background-video-container::before, .elementor-1966 .elementor-element.elementor-element-5cfa1e1 > .e-con-inner > .elementor-background-video-container::before, .elementor-1966 .elementor-element.elementor-element-5cfa1e1 > .elementor-background-slideshow::before, .elementor-1966 .elementor-element.elementor-element-5cfa1e1 > .e-con-inner > .elementor-background-slideshow::before, .elementor-1966 .elementor-element.elementor-element-5cfa1e1 > .elementor-motion-effects-container > .elementor-motion-effects-layer::before{--background-overlay:'';}.elementor-1966 .elementor-element.elementor-element-5cfa1e1:hover::before, .elementor-1966 .elementor-element.elementor-element-5cfa1e1:hover > .elementor-background-video-container::before, .elementor-1966 .elementor-element.elementor-element-5cfa1e1:hover > .e-con-inner > .elementor-background-video-container::before, .elementor-1966 .elementor-element.elementor-element-5cfa1e1 > .elementor-background-slideshow:hover::before, .elementor-1966 .elementor-element.elementor-element-5cfa1e1 > .e-con-inner > .elementor-background-slideshow:hover::before{--background-overlay:'';}.elementor-widget-image .widget-image-caption{color:var( --e-global-color-text );font-family:var( --e-global-typography-text-font-family ), Sans-serif;font-weight:var( --e-global-typography-text-font-weight );}.elementor-widget-heading .elementor-heading-title{font-family:var( --e-global-typography-primary-font-family ), Sans-serif;font-weight:var( --e-global-typography-primary-font-weight );color:var( --e-global-color-primary );}.elementor-1966 .elementor-element.elementor-element-9c0c647 .elementor-heading-title{font-family:\"PP Mori\", Sans-serif;font-size:20px;font-weight:400;color:#050917;}\/* Start custom CSS for container, class: .elementor-element-5cfa1e1 *\/.elementor-1966 .elementor-element.elementor-element-5cfa1e1:hover .elementor-heading-title {\n    color: #3f8edd;\n}\/* End custom CSS *\/<\/style>\t\t<div data-elementor-type=\"loop-item\" data-elementor-id=\"1966\" class=\"elementor elementor-1966 e-loop-item e-loop-item-3581 post-3581 serie type-serie status-publish format-standard has-post-thumbnail hentry categoria-ihms\" data-elementor-post-type=\"elementor_library\" data-custom-edit-handle=\"1\">\n\t\t\t<a class=\"elementor-element elementor-element-5cfa1e1 e-con-full e-flex e-con e-child\" data-id=\"5cfa1e1\" data-element_type=\"container\" data-settings=\"{&quot;background_background&quot;:&quot;classic&quot;}\" href=\"https:\/\/www.altus.com.br\/en\/serie\/ihm-serie-p2\/\">\n\t\t\t\t<div class=\"elementor-element elementor-element-ecd796f elementor-widget elementor-widget-image\" data-id=\"ecd796f\" data-element_type=\"widget\" data-widget_type=\"image.default\">\n\t\t\t\t<div class=\"elementor-widget-container\">\n\t\t\t\t\t\t\t\t\t\t\t\t\t\t\t<img decoding=\"async\" width=\"500\" height=\"501\" src=\"https:\/\/www.altus.com.br\/wp-content\/uploads\/2024\/01\/serie-p2-capa-2.png\" class=\"attachment-large size-large wp-image-14010\" alt=\"\" srcset=\"https:\/\/www.altus.com.br\/wp-content\/uploads\/2024\/01\/serie-p2-capa-2.png 500w, https:\/\/www.altus.com.br\/wp-content\/uploads\/2024\/01\/serie-p2-capa-2-300x300.png 300w, https:\/\/www.altus.com.br\/wp-content\/uploads\/2024\/01\/serie-p2-capa-2-150x150.png 150w, https:\/\/www.altus.com.br\/wp-content\/uploads\/2024\/01\/serie-p2-capa-2-12x12.png 12w\" sizes=\"(max-width: 500px) 100vw, 500px\" \/>\t\t\t\t\t\t\t\t\t\t\t\t\t\t\t<\/div>\n\t\t\t\t<\/div>\n\t\t\t\t<div class=\"elementor-element elementor-element-9c0c647 elementor-widget elementor-widget-heading\" data-id=\"9c0c647\" data-element_type=\"widget\" data-widget_type=\"heading.default\">\n\t\t\t\t<div class=\"elementor-widget-container\">\n\t\t\t\t\t<h2 class=\"elementor-heading-title elementor-size-default\">S\u00e9rie P2<\/h2>\t\t\t\t<\/div>\n\t\t\t\t<\/div>\n\t\t\t\t<\/a>\n\t\t\t\t<\/div>\n\t\t\t\t<div data-elementor-type=\"loop-item\" data-elementor-id=\"1966\" class=\"elementor elementor-1966 e-loop-item e-loop-item-3579 post-3579 serie type-serie status-publish format-standard has-post-thumbnail hentry categoria-ihms\" data-elementor-post-type=\"elementor_library\" data-custom-edit-handle=\"1\">\n\t\t\t<a class=\"elementor-element elementor-element-5cfa1e1 e-con-full e-flex e-con e-child\" data-id=\"5cfa1e1\" data-element_type=\"container\" data-settings=\"{&quot;background_background&quot;:&quot;classic&quot;}\" href=\"https:\/\/www.altus.com.br\/en\/serie\/ihm-serie-x2\/\">\n\t\t\t\t<div class=\"elementor-element elementor-element-ecd796f elementor-widget elementor-widget-image\" data-id=\"ecd796f\" data-element_type=\"widget\" data-widget_type=\"image.default\">\n\t\t\t\t<div class=\"elementor-widget-container\">\n\t\t\t\t\t\t\t\t\t\t\t\t\t\t\t<img decoding=\"async\" width=\"500\" height=\"501\" src=\"https:\/\/www.altus.com.br\/wp-content\/uploads\/2024\/01\/serie-x2-capa.png\" class=\"attachment-large size-large wp-image-14008\" alt=\"\" srcset=\"https:\/\/www.altus.com.br\/wp-content\/uploads\/2024\/01\/serie-x2-capa.png 500w, https:\/\/www.altus.com.br\/wp-content\/uploads\/2024\/01\/serie-x2-capa-300x300.png 300w, https:\/\/www.altus.com.br\/wp-content\/uploads\/2024\/01\/serie-x2-capa-150x150.png 150w, https:\/\/www.altus.com.br\/wp-content\/uploads\/2024\/01\/serie-x2-capa-12x12.png 12w\" sizes=\"(max-width: 500px) 100vw, 500px\" \/>\t\t\t\t\t\t\t\t\t\t\t\t\t\t\t<\/div>\n\t\t\t\t<\/div>\n\t\t\t\t<div class=\"elementor-element elementor-element-9c0c647 elementor-widget elementor-widget-heading\" data-id=\"9c0c647\" data-element_type=\"widget\" data-widget_type=\"heading.default\">\n\t\t\t\t<div class=\"elementor-widget-container\">\n\t\t\t\t\t<h2 class=\"elementor-heading-title elementor-size-default\">S\u00e9rie X2<\/h2>\t\t\t\t<\/div>\n\t\t\t\t<\/div>\n\t\t\t\t<\/a>\n\t\t\t\t<\/div>\n\t\t\t\t<\/div>\n\t\t\n\t\t\t\t\t\t<\/div>\n\t\t\t\t<\/div>\n\t\t\t\t\t<\/div>\n\t\t\t\t<\/div>\n\t\t<div class=\"elementor-element elementor-element-40ca68a e-flex e-con-boxed e-con e-parent\" data-id=\"40ca68a\" data-element_type=\"container\">\n\t\t\t\t\t<div class=\"e-con-inner\">\n\t\t\t\t<div class=\"elementor-element elementor-element-c7864e6 elementor-widget elementor-widget-heading\" data-id=\"c7864e6\" data-element_type=\"widget\" data-widget_type=\"heading.default\">\n\t\t\t\t<div class=\"elementor-widget-container\">\n\t\t\t\t\t<h2 class=\"elementor-heading-title elementor-size-default\">Conhe\u00e7a as IHMs da Altus<\/h2>\t\t\t\t<\/div>\n\t\t\t\t<\/div>\n\t\t\t\t\t<\/div>\n\t\t\t\t<\/div>\n\t\t<div class=\"elementor-element elementor-element-433dbab e-flex e-con-boxed e-con e-parent\" data-id=\"433dbab\" data-element_type=\"container\">\n\t\t\t\t\t<div class=\"e-con-inner\">\n\t\t<div class=\"elementor-element elementor-element-35a63b5 e-con-full e-flex e-con e-child\" data-id=\"35a63b5\" data-element_type=\"container\" data-settings=\"{&quot;background_background&quot;:&quot;classic&quot;}\">\n\t\t\t\t<div class=\"elementor-element elementor-element-ababe3b elementor-widget elementor-widget-heading\" data-id=\"ababe3b\" data-element_type=\"widget\" data-widget_type=\"heading.default\">\n\t\t\t\t<div class=\"elementor-widget-container\">\n\t\t\t\t\t<h2 class=\"elementor-heading-title elementor-size-default\">Desempenho para m\u00e1quinas e processos de pequeno a grande porte<\/h2>\t\t\t\t<\/div>\n\t\t\t\t<\/div>\n\t\t\t\t<div class=\"elementor-element elementor-element-cbea7ea elementor-widget elementor-widget-text-editor\" data-id=\"cbea7ea\" data-element_type=\"widget\" data-widget_type=\"text-editor.default\">\n\t\t\t\t<div class=\"elementor-widget-container\">\n\t\t\t\t\t\t\t\t\t<p>A Altus oferece uma ampla gama de Interfaces Homem-M\u00e1quina (IHMs) para atender \u00e0s mais diversas demandas do mercado industrial brasileiro. Nossas solu\u00e7\u00f5es avan\u00e7adas e vers\u00e1teis permitem personalizar sistemas de automa\u00e7\u00e3o de acordo com as necessidades espec\u00edficas de cada cliente.<\/p><p>Desde modelos compactos at\u00e9 interfaces sofisticadas, proporcionamos uma experi\u00eancia intuitiva e eficiente para controle e monitoramento. Com alta capacidade de integra\u00e7\u00e3o, nossas IHMs garantem comunica\u00e7\u00e3o flu\u00edda e opera\u00e7\u00e3o totalmente integrada a diversos dispositivos e sistemas.<\/p>\t\t\t\t\t\t\t\t<\/div>\n\t\t\t\t<\/div>\n\t\t\t\t<\/div>\n\t\t<div class=\"elementor-element elementor-element-45e9924 e-con-full e-flex e-con e-child\" data-id=\"45e9924\" data-element_type=\"container\">\n\t\t\t\t<div class=\"elementor-element elementor-element-4131b39 elementor-widget elementor-widget-image\" data-id=\"4131b39\" data-element_type=\"widget\" data-widget_type=\"image.default\">\n\t\t\t\t<div class=\"elementor-widget-container\">\n\t\t\t\t\t\t\t\t\t\t\t\t\t\t\t<img loading=\"lazy\" decoding=\"async\" width=\"800\" height=\"500\" src=\"https:\/\/www.altus.com.br\/wp-content\/uploads\/2025\/01\/Desempenho-para-maquinas-1024x640.jpg\" class=\"attachment-large size-large wp-image-14011\" alt=\"\" srcset=\"https:\/\/www.altus.com.br\/wp-content\/uploads\/2025\/01\/Desempenho-para-maquinas-1024x640.jpg 1024w, https:\/\/www.altus.com.br\/wp-content\/uploads\/2025\/01\/Desempenho-para-maquinas-300x187.jpg 300w, https:\/\/www.altus.com.br\/wp-content\/uploads\/2025\/01\/Desempenho-para-maquinas-768x480.jpg 768w, https:\/\/www.altus.com.br\/wp-content\/uploads\/2025\/01\/Desempenho-para-maquinas-1536x960.jpg 1536w, https:\/\/www.altus.com.br\/wp-content\/uploads\/2025\/01\/Desempenho-para-maquinas-18x12.jpg 18w, https:\/\/www.altus.com.br\/wp-content\/uploads\/2025\/01\/Desempenho-para-maquinas.jpg 1879w\" sizes=\"(max-width: 800px) 100vw, 800px\" \/>\t\t\t\t\t\t\t\t\t\t\t\t\t\t\t<\/div>\n\t\t\t\t<\/div>\n\t\t\t\t<\/div>\n\t\t\t\t\t<\/div>\n\t\t\t\t<\/div>\n\t\t<div class=\"elementor-element elementor-element-ff3ac8c e-flex e-con-boxed e-con e-parent\" data-id=\"ff3ac8c\" data-element_type=\"container\">\n\t\t\t\t\t<div class=\"e-con-inner\">\n\t\t<div class=\"elementor-element elementor-element-10d6d81 e-con-full e-flex e-con e-child\" data-id=\"10d6d81\" data-element_type=\"container\" data-settings=\"{&quot;background_background&quot;:&quot;classic&quot;}\">\n\t\t\t\t<div class=\"elementor-element elementor-element-e005c61 elementor-widget elementor-widget-heading\" data-id=\"e005c61\" data-element_type=\"widget\" data-widget_type=\"heading.default\">\n\t\t\t\t<div class=\"elementor-widget-container\">\n\t\t\t\t\t<h2 class=\"elementor-heading-title elementor-size-default\">Garantia de performance e disponibilidade com a S\u00e9rie X2<\/h2>\t\t\t\t<\/div>\n\t\t\t\t<\/div>\n\t\t\t\t<div class=\"elementor-element elementor-element-db16ea5 elementor-widget elementor-widget-text-editor\" data-id=\"db16ea5\" data-element_type=\"widget\" data-widget_type=\"text-editor.default\">\n\t\t\t\t<div class=\"elementor-widget-container\">\n\t\t\t\t\t\t\t\t\t<p>A S\u00e9rie X2 conta com IHMs de alta performance, unindo ferramentas gr\u00e1ficas avan\u00e7adas a recursos altamente funcionais. Dispon\u00edveis nas vers\u00f5es BASE, PRO e Extreme, esses modelos foram projetados com estrutura de pl\u00e1stico e alum\u00ednio fundido, proporcionando a combina\u00e7\u00e3o ideal entre leveza e robustez para os mais diversos ambientes industriais.<\/p>\t\t\t\t\t\t\t\t<\/div>\n\t\t\t\t<\/div>\n\t\t\t\t<\/div>\n\t\t<div class=\"elementor-element elementor-element-1a2dfc4 e-con-full e-flex e-con e-child\" data-id=\"1a2dfc4\" data-element_type=\"container\">\n\t\t\t\t<div class=\"elementor-element elementor-element-45222b0 elementor-widget elementor-widget-image\" data-id=\"45222b0\" data-element_type=\"widget\" data-widget_type=\"image.default\">\n\t\t\t\t<div class=\"elementor-widget-container\">\n\t\t\t\t\t\t\t\t\t\t\t\t\t\t\t<img loading=\"lazy\" decoding=\"async\" width=\"800\" height=\"500\" src=\"https:\/\/www.altus.com.br\/wp-content\/uploads\/2025\/01\/X2-1024x640.jpg\" class=\"attachment-large size-large wp-image-14012\" alt=\"\" srcset=\"https:\/\/www.altus.com.br\/wp-content\/uploads\/2025\/01\/X2-1024x640.jpg 1024w, https:\/\/www.altus.com.br\/wp-content\/uploads\/2025\/01\/X2-300x187.jpg 300w, https:\/\/www.altus.com.br\/wp-content\/uploads\/2025\/01\/X2-768x480.jpg 768w, https:\/\/www.altus.com.br\/wp-content\/uploads\/2025\/01\/X2-1536x960.jpg 1536w, https:\/\/www.altus.com.br\/wp-content\/uploads\/2025\/01\/X2-18x12.jpg 18w, https:\/\/www.altus.com.br\/wp-content\/uploads\/2025\/01\/X2.jpg 1879w\" sizes=\"(max-width: 800px) 100vw, 800px\" \/>\t\t\t\t\t\t\t\t\t\t\t\t\t\t\t<\/div>\n\t\t\t\t<\/div>\n\t\t\t\t<\/div>\n\t\t\t\t\t<\/div>\n\t\t\t\t<\/div>\n\t\t<div class=\"elementor-element elementor-element-89481cf e-flex e-con-boxed e-con e-parent\" data-id=\"89481cf\" data-element_type=\"container\">\n\t\t\t\t\t<div class=\"e-con-inner\">\n\t\t<div class=\"elementor-element elementor-element-a6b0a26 e-con-full e-flex e-con e-child\" data-id=\"a6b0a26\" data-element_type=\"container\" data-settings=\"{&quot;background_background&quot;:&quot;classic&quot;}\">\n\t\t\t\t<div class=\"elementor-element elementor-element-885c0f4 elementor-widget elementor-widget-heading\" data-id=\"885c0f4\" data-element_type=\"widget\" data-widget_type=\"heading.default\">\n\t\t\t\t<div class=\"elementor-widget-container\">\n\t\t\t\t\t<h2 class=\"elementor-heading-title elementor-size-default\">Velocidade e economia para suas aplica\u00e7\u00f5es com a S\u00e9rie P2 <\/h2>\t\t\t\t<\/div>\n\t\t\t\t<\/div>\n\t\t\t\t<div class=\"elementor-element elementor-element-2fb1ce0 elementor-widget elementor-widget-text-editor\" data-id=\"2fb1ce0\" data-element_type=\"widget\" data-widget_type=\"text-editor.default\">\n\t\t\t\t<div class=\"elementor-widget-container\">\n\t\t\t\t\t\t\t\t\t<p>Os terminais de opera\u00e7\u00e3o da S\u00e9rie P2 s\u00e3o a escolha ideal para m\u00e1quinas e aplica\u00e7\u00f5es de pequeno porte, entregando inicializa\u00e7\u00e3o r\u00e1pida e transi\u00e7\u00f5es \u00e1geis entre telas a um custo acess\u00edvel. Com um software intuitivo para desenvolvimento de telas, as IHMs da linha garantem opera\u00e7\u00e3o simplificada, proporcionando mais agilidade \u00e0 produ\u00e7\u00e3o e melhorando a performance do seu neg\u00f3cio.<\/p>\t\t\t\t\t\t\t\t<\/div>\n\t\t\t\t<\/div>\n\t\t\t\t<\/div>\n\t\t<div class=\"elementor-element elementor-element-3ce0953 e-con-full e-flex e-con e-child\" data-id=\"3ce0953\" data-element_type=\"container\">\n\t\t\t\t<div class=\"elementor-element elementor-element-93a3d70 elementor-widget elementor-widget-image\" data-id=\"93a3d70\" data-element_type=\"widget\" data-widget_type=\"image.default\">\n\t\t\t\t<div class=\"elementor-widget-container\">\n\t\t\t\t\t\t\t\t\t\t\t\t\t\t\t<img loading=\"lazy\" decoding=\"async\" width=\"800\" height=\"500\" src=\"https:\/\/www.altus.com.br\/wp-content\/uploads\/2025\/01\/P2-1024x640.jpg\" class=\"attachment-large size-large wp-image-14013\" alt=\"\" srcset=\"https:\/\/www.altus.com.br\/wp-content\/uploads\/2025\/01\/P2-1024x640.jpg 1024w, https:\/\/www.altus.com.br\/wp-content\/uploads\/2025\/01\/P2-300x187.jpg 300w, https:\/\/www.altus.com.br\/wp-content\/uploads\/2025\/01\/P2-768x480.jpg 768w, https:\/\/www.altus.com.br\/wp-content\/uploads\/2025\/01\/P2-1536x960.jpg 1536w, https:\/\/www.altus.com.br\/wp-content\/uploads\/2025\/01\/P2-18x12.jpg 18w, https:\/\/www.altus.com.br\/wp-content\/uploads\/2025\/01\/P2.jpg 1879w\" sizes=\"(max-width: 800px) 100vw, 800px\" \/>\t\t\t\t\t\t\t\t\t\t\t\t\t\t\t<\/div>\n\t\t\t\t<\/div>\n\t\t\t\t<\/div>\n\t\t\t\t\t<\/div>\n\t\t\t\t<\/div>\n\t\t\t\t<\/div>\n\t\t","protected":false},"excerpt":{"rendered":"<p>Altus offers a powerful range of Human-Machine Interfaces (HMIs) designed to elevate control and supervision in your applications. With durable hardware, advanced features, and a variety of sizes, our HMIs are versatile enough to support a wide range of industrial processes. <\/p>","protected":false},"author":2,"featured_media":0,"parent":3555,"menu_order":0,"comment_status":"closed","ping_status":"closed","template":"","meta":{"footnotes":""},"class_list":["post-3553","page","type-page","status-publish","hentry"],"acf":[],"_links":{"self":[{"href":"https:\/\/www.altus.com.br\/en\/wp-json\/wp\/v2\/pages\/3553","targetHints":{"allow":["GET"]}}],"collection":[{"href":"https:\/\/www.altus.com.br\/en\/wp-json\/wp\/v2\/pages"}],"about":[{"href":"https:\/\/www.altus.com.br\/en\/wp-json\/wp\/v2\/types\/page"}],"author":[{"embeddable":true,"href":"https:\/\/www.altus.com.br\/en\/wp-json\/wp\/v2\/users\/2"}],"replies":[{"embeddable":true,"href":"https:\/\/www.altus.com.br\/en\/wp-json\/wp\/v2\/comments?post=3553"}],"version-history":[{"count":68,"href":"https:\/\/www.altus.com.br\/en\/wp-json\/wp\/v2\/pages\/3553\/revisions"}],"predecessor-version":[{"id":16702,"href":"https:\/\/www.altus.com.br\/en\/wp-json\/wp\/v2\/pages\/3553\/revisions\/16702"}],"up":[{"embeddable":true,"href":"https:\/\/www.altus.com.br\/en\/wp-json\/wp\/v2\/pages\/3555"}],"wp:attachment":[{"href":"https:\/\/www.altus.com.br\/en\/wp-json\/wp\/v2\/media?parent=3553"}],"curies":[{"name":"wp","href":"https:\/\/api.w.org\/{rel}","templated":true}]}}